{"id":3,"date":"2023-01-26T20:52:34","date_gmt":"2023-01-26T20:52:34","guid":{"rendered":"https:\/\/tallerescerda.com\/maquinaria-agricola\/?page_id=3"},"modified":"2024-05-22T22:22:11","modified_gmt":"2024-05-22T22:22:11","slug":"politica-privacidad","status":"publish","type":"page","link":"https:\/\/tallerescerda.com\/maquinaria-agricola\/politica-privacidad\/","title":{"rendered":"Pol\u00edticas de Privacidad"},"content":{"rendered":"\t\t<div data-elementor-type=\"wp-page\" data-elementor-id=\"3\" class=\"elementor elementor-3\">\n\t\t\t\t\t\t\t\t\t<section class=\"wd-negative-gap elementor-section elementor-top-section elementor-element elementor-element-4b17d7e elementor-section-boxed elementor-section-height-default elementor-section-height-default wd-section-disabled elementor-invisible\" data-id=\"4b17d7e\" data-element_type=\"section\" data-settings=\"{&quot;animation&quot;:&quot;fadeInUp&quot;}\">\n\t\t\t\t\t\t<div class=\"elementor-container elementor-column-gap-default\">\n\t\t\t\t\t<div class=\"elementor-column elementor-col-33 elementor-top-column elementor-element elementor-element-1b05668\" data-id=\"1b05668\" data-element_type=\"column\">\n\t\t\t<div class=\"elementor-widget-wrap\">\n\t\t\t\t\t\t\t\t\t<\/div>\n\t\t<\/div>\n\t\t\t\t<div class=\"elementor-column elementor-col-33 elementor-top-column elementor-element elementor-element-a9b63e4\" data-id=\"a9b63e4\" data-element_type=\"column\">\n\t\t\t<div class=\"elementor-widget-wrap elementor-element-populated\">\n\t\t\t\t\t\t\t\t<div class=\"elementor-element elementor-element-bcc2c81 color-scheme-inherit text-left elementor-widget elementor-widget-text-editor\" data-id=\"bcc2c81\" data-element_type=\"widget\" data-widget_type=\"text-editor.default\">\n\t\t\t\t<div class=\"elementor-widget-container\">\n\t\t\t<style>\/*! elementor - v3.16.0 - 12-09-2023 *\/\n.elementor-widget-text-editor.elementor-drop-cap-view-stacked .elementor-drop-cap{background-color:#69727d;color:#fff}.elementor-widget-text-editor.elementor-drop-cap-view-framed .elementor-drop-cap{color:#69727d;border:3px solid;background-color:transparent}.elementor-widget-text-editor:not(.elementor-drop-cap-view-default) .elementor-drop-cap{margin-top:8px}.elementor-widget-text-editor:not(.elementor-drop-cap-view-default) .elementor-drop-cap-letter{width:1em;height:1em}.elementor-widget-text-editor .elementor-drop-cap{float:left;text-align:center;line-height:1;font-size:50px}.elementor-widget-text-editor .elementor-drop-cap-letter{display:inline-block}<\/style>\t\t\t\t<div class=\"elementor-widget-container\"><h4>TALLERES CERDA S.L.<\/h4><p>De conformidad con lo dispuesto en la normativa vigente en lo relativo a la protecci\u00f3n de datos el Reglamento<br \/>Europeo 2016\/679 (RGPD) y la ley org\u00e1nica 3\/2018 de protecci\u00f3n de datos personales y garant\u00eda de los derechos<br \/>digitales (LOPD) a continuaci\u00f3n le comunicamos el tratamiento que realizamos de sus datos:<\/p><h4>\u00bfQUI\u00c9N ES EL RESPONSABLE DEL TRATAMIENTO DE SUS DATOS?<\/h4><p><strong>Responsable:<\/strong> TALLERES CERDA S.L.<\/p><p><strong>CIF:<\/strong> \u00a0B03190436<\/p><p><strong>Domicilio social:<\/strong> \u00a0Calle Portal D&#8217;onil, 17, Castalla, 03420 , Alicante<\/p><p><strong>Tel\u00e9fono:<\/strong> (+34) 965 56 09 31<\/p><p><strong>Direcci\u00f3n de correo electr\u00f3nico de contacto:<\/strong> antonio@tallerescerda.com<\/p><p><!-- <\/p>\n<p>Inscrita en el Registro mercantil de Alicante Tomo 2876 Folio 189 Secci\u00f3n 8 Hoja A-89006 Inscripci\u00f3n 1\u00aa<\/p>\n<p> --><\/p><h4>\u00bfCON QU\u00c9 FINALIDAD TRATAMOS SUS DATOS PERSONALES?<\/h4><h5>SUS DATOS PERSONALES S\u00d3LO SE UTILIZAR\u00c1N PARA LAS SIGUIENTES FINALIDADES Y LEGITIMACIONES:<\/h5><p>Como Usuario de la Web (formulario de contacto \/mails remitidos a las direcciones de correo que aparecen en la<br \/>p\u00e1gina): Tus datos ser\u00e1n utilizados para dar respuestas a tus solicitudes de informaci\u00f3n, comentarios o<br \/>sugerencias, a trav\u00e9s del apartado de contacto o de las direcciones de correo que aparezcan en nuestra p\u00e1gina y<br \/>mantener la comunicaci\u00f3n con el interesado. Legitimaci\u00f3n: Consentimiento\/solicitud de medidas precontractuales<br \/>(solicitud de presupuesto o de informaci\u00f3n concreta sobre un producto o servicio) conforme a los Art. 6.1.a) y<br \/>Art.6.1. b) del RGPD respectivamente.<\/p><p>Como cliente: Tus datos ser\u00e1n utilizados para gestionar la relaci\u00f3n como cliente de nuestra empresa, as\u00ed como la<br \/>gesti\u00f3n econ\u00f3mica derivada de dicha relaci\u00f3n. Legitimaci\u00f3n: en base a la relaci\u00f3n contractual Art.6.1. b) y<br \/>cumplimiento de obligaciones legales en el \u00e1mbito econ\u00f3mico y fiscal Art. 6.1.c) del RGPD<\/p><p>Como proveedor: Tus datos ser\u00e1n utilizados para gestionar la relaci\u00f3n como proveedor de nuestra empresa, as\u00ed como<br \/>la gesti\u00f3n econ\u00f3mica derivada. Legitimaci\u00f3n: en base a la relaci\u00f3n contractual Art.6.1. b) y cumplimiento de<br \/>obligaciones legales en el \u00e1mbito econ\u00f3mico y fiscal Art. 6.1.c) del RGPD<\/p><p>Como seguidor en Redes Sociales: Los datos que hayas facilitado a la red social ser\u00e1n usados para mantener un<br \/>seguimiento mutuo de nuestras cuentas y poder contactar contigo siempre a trav\u00e9s de la red social elegida.<br \/>Gestionaremos las comunicaciones mediante las mismas de acuerdo con los t\u00e9rminos y condiciones de cada red<br \/>social. La informaci\u00f3n siempre la recibir\u00e1 a trav\u00e9s de la red social en cuesti\u00f3n y mientras sea seguidor del<br \/>responsable en la misma. Cada una de esas redes sociales cuenta con unos t\u00e9rminos y condiciones propios y son<br \/>entidades ajenas a nosotros. Legitimaci\u00f3n: Tratamiento realizado en base al consentimiento del interesado Art.<br \/>6.1.a) del RGPD<\/p><h5>\u00bfPOR CU\u00c1NTO TIEMPO CONSERVAR\u00c9 SUS DATOS PERSONALES?<\/h5><p>Los datos personales que nos proporciona ser\u00e1n conservados mientras se mantenga nuestra relaci\u00f3n contractual o<br \/>mercantil. No obstante, a partir de la fecha de la terminaci\u00f3n de nuestra relaci\u00f3n contractual o mercantil sus<br \/>datos ser\u00e1n conservados:<\/p><p>Mientras dure la relaci\u00f3n solicitada o revoque su consentimiento, momento en el cual procederemos a conservarlos<br \/>debidamente bloqueados para atender posibles responsabilidades nacidas del tratamiento de sus datos personales<br \/>por un m\u00e1ximo de 3 a\u00f1os.<\/p><p>Como Usuario de la Web: Conservados hasta cumplir su finalidad o hasta que nos revoque el consentimiento prestado<\/p><p>Como seguidor redes sociales: Ser\u00e1n conservados hasta que nos revoque el consentimiento prestado o dejes de<br \/>seguirnos o marques ya no me gusta<\/p><p>Como cliente o proveedor: Cuatro A\u00f1os a efectos fiscales: Los libros de contabilidad y otros libros registros<br \/>obligatorios seg\u00fan la normativa tributaria que proceda (IRPF, IVA, IS, etc.). Art\u00edculos 66 a 70 Ley General<br \/>Tributaria. Seis a\u00f1os a efectos mercantiles: Libros, correspondencia, documentaci\u00f3n y justificantes facturas<br \/>emitidas y recibidas, contratos, documentos bancarios, etc.). Art. 30 C\u00f3digo Comercio<\/p><h5>\u00bfHAY OBLIGACI\u00d3N DE FACILITAR ESOS DATOS PERSONALES?<\/h5><p>En el contacto solicitado, se hace necesario que nos facilite algunos datos de contacto para poder dirigirnos a<br \/>usted para poder prestarle el servicio que nos solicita.<\/p><h5>\u00bfCU\u00c1LES SON LAS CONSECUENCIAS DE NO HACERLO?<\/h5><p>Si no nos facilita los datos m\u00ednimos de contacto no ser\u00e1 imposible e inviable atenderle.<\/p><h5>\u00bfC\u00d3MO HE OBTENIDOS SUS DATOS PERSONALES?<\/h5><p>Los datos obtenidos no los ha proporcionado usted directamente.<\/p><h5>\u00bfA QU\u00c9 DESTINATARIOS SE COMUNICAR\u00c1N SUS DATOS PERSONALES?<\/h5><p>No existe ninguna cesi\u00f3n de datos prevista, salvo obligaci\u00f3n legal.<\/p><h5>\u00bfCU\u00c1LES SON SUS DERECHOS CUANDO ME FACILITA SUS DATOS PERSONALES?<\/h5><p>Cualquier interesado podr\u00e1 solicitar el ejercicio de los siguientes derechos:<\/p><p><strong>Derecho de acceso:<\/strong> El interesado tendr\u00e1 derecho a obtener confirmaci\u00f3n de si se est\u00e1n tratando o<br \/>no datos personales que le conciernen.<\/p><p><strong>Derecho de rectificaci\u00f3n:<\/strong> El interesado tendr\u00e1 derecho a obtener la rectificaci\u00f3n de los datos<br \/>personales inexactos que le conciernan o incompletos.<\/p><p><strong>Derecho de supresi\u00f3n:<\/strong> El interesado tendr\u00e1 derecho a obtener la supresi\u00f3n de los datos<br \/>personales que le conciernan cuando los datos personales ya no sean necesarios en relaci\u00f3n con los fines para<br \/>los que fueron recogidos o tratados de otro modo.<\/p><p><strong>Derecho de limitaci\u00f3n:<\/strong> Podr\u00e1 solicitar la limitaci\u00f3n del tratamiento de sus datos personales, en<br \/>cuyo caso \u00fanicamente los conservar\u00eda para el ejercicio o la defensa de reclamaciones.<\/p><p><strong>Derecho a la portabilidad de sus datos:<\/strong> Por lo que puede solicitarnos que sus datos personales<br \/>automatizados sean cedidos o transferidos a cualquier otra empresa que nos indique en un formato estructurado,<br \/>inteligible y automatizado.<\/p><p><strong>Derecho de retirar el consentimiento:<\/strong> Usted tendr\u00e1 derecho a retirar el consentimiento en<br \/>cualquier momento, sin que ello afecte a la licitud del tratamiento basado en el consentimiento antes de su<br \/>retirada.<\/p><p><strong>Derecho de oposici\u00f3n:<\/strong> El interesado tendr\u00e1 derecho a oponerse al tratamiento de sus datos.<\/p><h5>\u00bfC\u00d3MO PODR\u00c1 EJERCITAR ESTOS DERECHOS?<\/h5><p>Ponemos a su disposici\u00f3n si nos lo solicitan los formularios donde podr\u00e1 ejercitar estos derechos. Podr\u00e1<br \/>solicitarnos en el correo antonio@tallerescerda.com indic\u00e1ndonos el derecho que quiere ejercitar y le enviaremos<br \/>el formulario correspondiente.<\/p><p>El ejercicio de los derechos podr\u00e1 llevarlo a cabo mediante comunicaci\u00f3n dirigida al correo electr\u00f3nico<br \/>antonio@tallerescerda.com<\/p><h5>\u00bfQUI\u00c9N PUEDE EJERCITAR LOS DERECHOS?<\/h5><p>Los derechos de los interesados son personal\u00edsimos, por lo tanto, ser\u00e1n ejercidos por el titular de los datos<br \/>acreditando debidamente su identidad (para ello se le solicitar\u00e1 el DNI o equivalente).<\/p><p>Tambi\u00e9n podr\u00e1 ejercerse a trav\u00e9s de representaci\u00f3n legal, en cuyo caso, adem\u00e1s del DNI del interesado o<br \/>equivalente, habr\u00e1 de aportarse DNI y documento acreditativo aut\u00e9ntico de la representaci\u00f3n del tercero.<\/p><h5>\u00bfCU\u00c1L SER\u00c1 NUESTRA OBLIGACI\u00d3N CUANDO EJERCITA ALGUNO DE LOS DERECHOS?<\/h5><p>El responsable del tratamiento deber\u00e1 contestar la solicitud que se le dirija en todo caso, con independencia de<br \/>que figuren o no datos personales del afectado o interesado en sus tratamientos.<\/p><p>En el caso de que la solicitud no re\u00fana los requisitos especificados, el responsable del fichero deber\u00e1 solicitar<br \/>la subsanaci\u00f3n de estos.<\/p><p>El responsable de tratamiento responder\u00e1 a las solicitudes en el plazo de un mes a partir de la recepci\u00f3n de la<br \/>solicitud. Dicho plazo podr\u00e1 prorrogarse otros dos meses en caso necesario, teniendo en cuenta la complejidad y<br \/>el n\u00famero de solicitudes. El responsable informar\u00e1 al interesado de cualquiera de dichas pr\u00f3rrogas en el plazo<br \/>de un mes a partir de la recepci\u00f3n de la solicitud, indicando los motivos de la dilaci\u00f3n.<\/p><h5>DERECHO DE RECLAMACI\u00d3N A LA AUTORIDAD DE CONTROL<\/h5><p>Usted, podr\u00e1 solicitar la tutela de derechos que no hayan sido debidamente atendidos a la Agencia Espa\u00f1ola de<br \/>Protecci\u00f3n de datos. Bien a trav\u00e9s de la sede electr\u00f3nica de su portal web (www.agpd.es), o bien mediante<br \/>escrito dirigido a su direcci\u00f3n postal (C\/Jorge Juan, 6, 28001-Madrid).<\/p><h5>CAR\u00c1CTER OBLIGATORIO O FACULTATIVO DE LA INFORMACI\u00d3N FACILITADA POR EL USUARIO<\/h5><p>Los Usuarios, mediante la marcaci\u00f3n de las casillas correspondientes y entrada de datos en los campos de los<br \/>formularios de contactos, o bien enviado un correo electr\u00f3nico solicitando informaci\u00f3n, aceptan expresamente y<br \/>de forma libre e inequ\u00edvoca, que sus datos son necesarios para atender su petici\u00f3n, por parte del prestador. El<br \/>Usuario garantiza que los datos personales facilitados son veraces y se hace responsable de comunicar cualquier<br \/>modificaci\u00f3n de los mismos.<\/p><h5>\u00bfQU\u00c9 INFORMACI\u00d3N RECOPILAMOS?<\/h5><p>En general, puede usar el Sitio Web sin facilitar ninguna informaci\u00f3n de car\u00e1cter personal.<\/p><p>Existen canales en nuestra p\u00e1gina web donde se puede poner en contacto con nosotros. Cuando nos solicita<br \/>informaci\u00f3n, el usuario garantiza la autenticidad, exactitud y veracidad de toda la informaci\u00f3n que nos<br \/>facilite, comprometi\u00e9ndose a mantener actualizados los datos de car\u00e1cter personal que nos facilite de forma que<br \/>los mismos respondan, en todo momento, a su situaci\u00f3n real. El Usuario ser\u00e1 el \u00fanico responsable de las<br \/>manifestaciones falsas o inexactas y de los perjuicios que las mismas pudieran causar.<\/p><h5>\u00bfQU\u00c9 MEDIDAS ADOPTAMOS PARA MANTENER SEGURA SU INFORMACI\u00d3N?<\/h5><p>Aplicamos medidas t\u00e9cnicas y f\u00edsicas razonables para proteger la informaci\u00f3n que recogemos a trav\u00e9s del Sitio<br \/>Web.<\/p><h5>MODIFICACIONES DE LA PRESENTE INFORMACI\u00d3N DE PROTECCION DE DATOS.<\/h5><p>TALLERES CERDA S.L. se reserva el derecho a modificar su Pol\u00edtica de Protecci\u00f3n de datos de acuerdo con la<br \/>legislaci\u00f3n aplicable en cada momento. Cualquier modificaci\u00f3n de dicha pol\u00edtica ser\u00e1 publicada en el sitio web.<\/p><\/div>\t\t\t\t\t\t<\/div>\n\t\t\t\t<\/div>\n\t\t\t\t\t<\/div>\n\t\t<\/div>\n\t\t\t\t<div class=\"elementor-column elementor-col-33 elementor-top-column elementor-element elementor-element-871884d\" data-id=\"871884d\" data-element_type=\"column\">\n\t\t\t<div class=\"elementor-widget-wrap\">\n\t\t\t\t\t\t\t\t\t<\/div>\n\t\t<\/div>\n\t\t\t\t\t\t\t<\/div>\n\t\t<\/section>\n\t\t\t\t\t\t\t<\/div>\n\t\t","protected":false},"excerpt":{"rendered":"<p>TALLERES CERDA S.L. De conformidad con lo dispuesto en la normativa vigente en lo relativo a la protecci\u00f3n de datos<\/p>\n","protected":false},"author":1,"featured_media":0,"parent":0,"menu_order":0,"comment_status":"closed","ping_status":"open","template":"","meta":{"footnotes":""},"class_list":["post-3","page","type-page","status-publish","hentry"],"yoast_head":"<!-- This site is optimized with the Yoast SEO plugin v22.7 - https:\/\/yoast.com\/wordpress\/plugins\/seo\/ -->\n<title>Pol\u00edticas de Privacidad - Taller Cerda<\/title>\n<meta name=\"robots\" content=\"noindex, nofollow\" \/>\n<meta property=\"og:locale\" content=\"es_ES\" \/>\n<meta property=\"og:type\" content=\"article\" \/>\n<meta property=\"og:title\" content=\"Pol\u00edticas de Privacidad - Taller Cerda\" \/>\n<meta property=\"og:description\" content=\"TALLERES CERDA S.L. De conformidad con lo dispuesto en la normativa vigente en lo relativo a la protecci\u00f3n de datos\" \/>\n<meta property=\"og:url\" content=\"https:\/\/tallerescerda.com\/maquinaria-agricola\/politica-privacidad\/\" \/>\n<meta property=\"og:site_name\" content=\"Taller Cerda\" \/>\n<meta property=\"article:modified_time\" content=\"2024-05-22T22:22:11+00:00\" \/>\n<meta name=\"twitter:card\" content=\"summary_large_image\" \/>\n<meta name=\"twitter:label1\" content=\"Tiempo de lectura\" \/>\n\t<meta name=\"twitter:data1\" content=\"7 minutos\" \/>\n<script type=\"application\/ld+json\" class=\"yoast-schema-graph\">{\"@context\":\"https:\/\/schema.org\",\"@graph\":[{\"@type\":\"WebPage\",\"@id\":\"https:\/\/tallerescerda.com\/maquinaria-agricola\/politica-privacidad\/\",\"url\":\"https:\/\/tallerescerda.com\/maquinaria-agricola\/politica-privacidad\/\",\"name\":\"Pol\u00edticas de Privacidad - Taller Cerda\",\"isPartOf\":{\"@id\":\"https:\/\/tallerescerda.com\/maquinaria-agricola\/#website\"},\"datePublished\":\"2023-01-26T20:52:34+00:00\",\"dateModified\":\"2024-05-22T22:22:11+00:00\",\"breadcrumb\":{\"@id\":\"https:\/\/tallerescerda.com\/maquinaria-agricola\/politica-privacidad\/#breadcrumb\"},\"inLanguage\":\"es\",\"potentialAction\":[{\"@type\":\"ReadAction\",\"target\":[\"https:\/\/tallerescerda.com\/maquinaria-agricola\/politica-privacidad\/\"]}]},{\"@type\":\"BreadcrumbList\",\"@id\":\"https:\/\/tallerescerda.com\/maquinaria-agricola\/politica-privacidad\/#breadcrumb\",\"itemListElement\":[{\"@type\":\"ListItem\",\"position\":1,\"name\":\"Portada\",\"item\":\"https:\/\/tallerescerda.com\/maquinaria-agricola\/\"},{\"@type\":\"ListItem\",\"position\":2,\"name\":\"Pol\u00edticas de Privacidad\"}]},{\"@type\":\"WebSite\",\"@id\":\"https:\/\/tallerescerda.com\/maquinaria-agricola\/#website\",\"url\":\"https:\/\/tallerescerda.com\/maquinaria-agricola\/\",\"name\":\"Taller Cerda\",\"description\":\"Maquinaria Agr\u00edcola\",\"potentialAction\":[{\"@type\":\"SearchAction\",\"target\":{\"@type\":\"EntryPoint\",\"urlTemplate\":\"https:\/\/tallerescerda.com\/maquinaria-agricola\/?s={search_term_string}\"},\"query-input\":\"required name=search_term_string\"}],\"inLanguage\":\"es\"}]}<\/script>\n<!-- \/ Yoast SEO plugin. -->","yoast_head_json":{"title":"Pol\u00edticas de Privacidad - Taller Cerda","robots":{"index":"noindex","follow":"nofollow"},"og_locale":"es_ES","og_type":"article","og_title":"Pol\u00edticas de Privacidad - Taller Cerda","og_description":"TALLERES CERDA S.L. De conformidad con lo dispuesto en la normativa vigente en lo relativo a la protecci\u00f3n de datos","og_url":"https:\/\/tallerescerda.com\/maquinaria-agricola\/politica-privacidad\/","og_site_name":"Taller Cerda","article_modified_time":"2024-05-22T22:22:11+00:00","twitter_card":"summary_large_image","twitter_misc":{"Tiempo de lectura":"7 minutos"},"schema":{"@context":"https:\/\/schema.org","@graph":[{"@type":"WebPage","@id":"https:\/\/tallerescerda.com\/maquinaria-agricola\/politica-privacidad\/","url":"https:\/\/tallerescerda.com\/maquinaria-agricola\/politica-privacidad\/","name":"Pol\u00edticas de Privacidad - Taller Cerda","isPartOf":{"@id":"https:\/\/tallerescerda.com\/maquinaria-agricola\/#website"},"datePublished":"2023-01-26T20:52:34+00:00","dateModified":"2024-05-22T22:22:11+00:00","breadcrumb":{"@id":"https:\/\/tallerescerda.com\/maquinaria-agricola\/politica-privacidad\/#breadcrumb"},"inLanguage":"es","potentialAction":[{"@type":"ReadAction","target":["https:\/\/tallerescerda.com\/maquinaria-agricola\/politica-privacidad\/"]}]},{"@type":"BreadcrumbList","@id":"https:\/\/tallerescerda.com\/maquinaria-agricola\/politica-privacidad\/#breadcrumb","itemListElement":[{"@type":"ListItem","position":1,"name":"Portada","item":"https:\/\/tallerescerda.com\/maquinaria-agricola\/"},{"@type":"ListItem","position":2,"name":"Pol\u00edticas de Privacidad"}]},{"@type":"WebSite","@id":"https:\/\/tallerescerda.com\/maquinaria-agricola\/#website","url":"https:\/\/tallerescerda.com\/maquinaria-agricola\/","name":"Taller Cerda","description":"Maquinaria Agr\u00edcola","potentialAction":[{"@type":"SearchAction","target":{"@type":"EntryPoint","urlTemplate":"https:\/\/tallerescerda.com\/maquinaria-agricola\/?s={search_term_string}"},"query-input":"required name=search_term_string"}],"inLanguage":"es"}]}},"_links":{"self":[{"href":"https:\/\/tallerescerda.com\/maquinaria-agricola\/wp-json\/wp\/v2\/pages\/3","targetHints":{"allow":["GET"]}}],"collection":[{"href":"https:\/\/tallerescerda.com\/maquinaria-agricola\/wp-json\/wp\/v2\/pages"}],"about":[{"href":"https:\/\/tallerescerda.com\/maquinaria-agricola\/wp-json\/wp\/v2\/types\/page"}],"author":[{"embeddable":true,"href":"https:\/\/tallerescerda.com\/maquinaria-agricola\/wp-json\/wp\/v2\/users\/1"}],"replies":[{"embeddable":true,"href":"https:\/\/tallerescerda.com\/maquinaria-agricola\/wp-json\/wp\/v2\/comments?post=3"}],"version-history":[{"count":7,"href":"https:\/\/tallerescerda.com\/maquinaria-agricola\/wp-json\/wp\/v2\/pages\/3\/revisions"}],"predecessor-version":[{"id":8798,"href":"https:\/\/tallerescerda.com\/maquinaria-agricola\/wp-json\/wp\/v2\/pages\/3\/revisions\/8798"}],"wp:attachment":[{"href":"https:\/\/tallerescerda.com\/maquinaria-agricola\/wp-json\/wp\/v2\/media?parent=3"}],"curies":[{"name":"wp","href":"https:\/\/api.w.org\/{rel}","templated":true}]}}