{"id":10218,"date":"2025-03-07T08:57:58","date_gmt":"2025-03-07T08:57:58","guid":{"rendered":"https:\/\/tallerescerda.com\/maquinaria-agricola\/?post_type=product&#038;p=10218"},"modified":"2026-01-17T00:05:43","modified_gmt":"2026-01-17T00:05:43","slug":"motosierra-ms-162-c-be","status":"publish","type":"product","link":"https:\/\/tallerescerda.com\/maquinaria-agricola\/producto\/motosierra-ms-162-c-be\/","title":{"rendered":"Motosierra MS-162 C-BE"},"content":{"rendered":"<p>MS-162 C-BE<\/p>\n<ul>\n<li>30,1 cent\u00edmetros c\u00fabicos de motor<\/li>\n<li>1,6 CV de potencia<\/li>\n<li>4,8 kg de peso<\/li>\n<li>35 cent\u00edmetros de longitud de espada<\/li>\n<li>Arranque f\u00e1cil<\/li>\n<\/ul>\n","protected":false},"excerpt":{"rendered":"<p>MS-162 C-BE 30,1 cent\u00edmetros c\u00fabicos de motor 1,6 CV de potencia 4,8 kg de peso 35 cent\u00edmetros de longitud de<\/p>\n","protected":false},"featured_media":10219,"template":"","meta":[],"product_cat":[158],"product_tag":[],"class_list":{"0":"post-10218","1":"product","2":"type-product","3":"status-publish","4":"has-post-thumbnail","6":"product_cat-motosierras-de-gasolina","8":"first","9":"onbackorder","10":"taxable","11":"shipping-taxable","12":"purchasable","13":"product-type-simple"},"yoast_head":"<!-- This site is optimized with the Yoast SEO plugin v22.7 - https:\/\/yoast.com\/wordpress\/plugins\/seo\/ -->\n<title>Motosierra MS-162 C-BE - Taller Cerda<\/title>\n<meta name=\"robots\" content=\"index, follow, max-snippet:-1, max-image-preview:large, max-video-preview:-1\" \/>\n<link rel=\"canonical\" href=\"https:\/\/tallerescerda.com\/maquinaria-agricola\/producto\/motosierra-ms-162-c-be\/\" \/>\n<meta property=\"og:locale\" content=\"es_ES\" \/>\n<meta property=\"og:type\" content=\"article\" \/>\n<meta property=\"og:title\" content=\"Motosierra MS-162 C-BE - Taller Cerda\" \/>\n<meta property=\"og:description\" content=\"MS-162 C-BE 30,1 cent\u00edmetros c\u00fabicos de motor 1,6 CV de potencia 4,8 kg de peso 35 cent\u00edmetros de longitud de\" \/>\n<meta property=\"og:url\" content=\"https:\/\/tallerescerda.com\/maquinaria-agricola\/producto\/motosierra-ms-162-c-be\/\" \/>\n<meta property=\"og:site_name\" content=\"Taller Cerda\" \/>\n<meta property=\"article:modified_time\" content=\"2026-01-17T00:05:43+00:00\" \/>\n<meta property=\"og:image\" content=\"https:\/\/tallerescerda.com\/maquinaria-agricola\/wp-content\/uploads\/2025\/03\/MS-162CB.jpg\" \/>\n\t<meta property=\"og:image:width\" content=\"1065\" \/>\n\t<meta property=\"og:image:height\" content=\"710\" \/>\n\t<meta property=\"og:image:type\" content=\"image\/jpeg\" \/>\n<meta name=\"twitter:card\" content=\"summary_large_image\" \/>\n<meta name=\"twitter:label1\" content=\"Tiempo de lectura\" \/>\n\t<meta name=\"twitter:data1\" content=\"1 minuto\" \/>\n<script type=\"application\/ld+json\" class=\"yoast-schema-graph\">{\"@context\":\"https:\/\/schema.org\",\"@graph\":[{\"@type\":\"WebPage\",\"@id\":\"https:\/\/tallerescerda.com\/maquinaria-agricola\/producto\/motosierra-ms-162-c-be\/\",\"url\":\"https:\/\/tallerescerda.com\/maquinaria-agricola\/producto\/motosierra-ms-162-c-be\/\",\"name\":\"Motosierra MS-162 C-BE - Taller Cerda\",\"isPartOf\":{\"@id\":\"https:\/\/tallerescerda.com\/maquinaria-agricola\/#website\"},\"primaryImageOfPage\":{\"@id\":\"https:\/\/tallerescerda.com\/maquinaria-agricola\/producto\/motosierra-ms-162-c-be\/#primaryimage\"},\"image\":{\"@id\":\"https:\/\/tallerescerda.com\/maquinaria-agricola\/producto\/motosierra-ms-162-c-be\/#primaryimage\"},\"thumbnailUrl\":\"https:\/\/tallerescerda.com\/maquinaria-agricola\/wp-content\/uploads\/2025\/03\/MS-162CB.jpg\",\"datePublished\":\"2025-03-07T08:57:58+00:00\",\"dateModified\":\"2026-01-17T00:05:43+00:00\",\"breadcrumb\":{\"@id\":\"https:\/\/tallerescerda.com\/maquinaria-agricola\/producto\/motosierra-ms-162-c-be\/#breadcrumb\"},\"inLanguage\":\"es\",\"potentialAction\":[{\"@type\":\"ReadAction\",\"target\":[\"https:\/\/tallerescerda.com\/maquinaria-agricola\/producto\/motosierra-ms-162-c-be\/\"]}]},{\"@type\":\"ImageObject\",\"inLanguage\":\"es\",\"@id\":\"https:\/\/tallerescerda.com\/maquinaria-agricola\/producto\/motosierra-ms-162-c-be\/#primaryimage\",\"url\":\"https:\/\/tallerescerda.com\/maquinaria-agricola\/wp-content\/uploads\/2025\/03\/MS-162CB.jpg\",\"contentUrl\":\"https:\/\/tallerescerda.com\/maquinaria-agricola\/wp-content\/uploads\/2025\/03\/MS-162CB.jpg\",\"width\":1065,\"height\":710},{\"@type\":\"BreadcrumbList\",\"@id\":\"https:\/\/tallerescerda.com\/maquinaria-agricola\/producto\/motosierra-ms-162-c-be\/#breadcrumb\",\"itemListElement\":[{\"@type\":\"ListItem\",\"position\":1,\"name\":\"Portada\",\"item\":\"https:\/\/tallerescerda.com\/maquinaria-agricola\/\"},{\"@type\":\"ListItem\",\"position\":2,\"name\":\"Tienda\",\"item\":\"https:\/\/tallerescerda.com\/maquinaria-agricola\/tienda\/\"},{\"@type\":\"ListItem\",\"position\":3,\"name\":\"Motosierra MS-162 C-BE\"}]},{\"@type\":\"WebSite\",\"@id\":\"https:\/\/tallerescerda.com\/maquinaria-agricola\/#website\",\"url\":\"https:\/\/tallerescerda.com\/maquinaria-agricola\/\",\"name\":\"Taller Cerda\",\"description\":\"Maquinaria Agr\u00edcola\",\"potentialAction\":[{\"@type\":\"SearchAction\",\"target\":{\"@type\":\"EntryPoint\",\"urlTemplate\":\"https:\/\/tallerescerda.com\/maquinaria-agricola\/?s={search_term_string}\"},\"query-input\":\"required name=search_term_string\"}],\"inLanguage\":\"es\"}]}<\/script>\n<!-- \/ Yoast SEO plugin. -->","yoast_head_json":{"title":"Motosierra MS-162 C-BE - Taller Cerda","robots":{"index":"index","follow":"follow","max-snippet":"max-snippet:-1","max-image-preview":"max-image-preview:large","max-video-preview":"max-video-preview:-1"},"canonical":"https:\/\/tallerescerda.com\/maquinaria-agricola\/producto\/motosierra-ms-162-c-be\/","og_locale":"es_ES","og_type":"article","og_title":"Motosierra MS-162 C-BE - Taller Cerda","og_description":"MS-162 C-BE 30,1 cent\u00edmetros c\u00fabicos de motor 1,6 CV de potencia 4,8 kg de peso 35 cent\u00edmetros de longitud de","og_url":"https:\/\/tallerescerda.com\/maquinaria-agricola\/producto\/motosierra-ms-162-c-be\/","og_site_name":"Taller Cerda","article_modified_time":"2026-01-17T00:05:43+00:00","og_image":[{"width":1065,"height":710,"url":"https:\/\/tallerescerda.com\/maquinaria-agricola\/wp-content\/uploads\/2025\/03\/MS-162CB.jpg","type":"image\/jpeg"}],"twitter_card":"summary_large_image","twitter_misc":{"Tiempo de lectura":"1 minuto"},"schema":{"@context":"https:\/\/schema.org","@graph":[{"@type":"WebPage","@id":"https:\/\/tallerescerda.com\/maquinaria-agricola\/producto\/motosierra-ms-162-c-be\/","url":"https:\/\/tallerescerda.com\/maquinaria-agricola\/producto\/motosierra-ms-162-c-be\/","name":"Motosierra MS-162 C-BE - Taller Cerda","isPartOf":{"@id":"https:\/\/tallerescerda.com\/maquinaria-agricola\/#website"},"primaryImageOfPage":{"@id":"https:\/\/tallerescerda.com\/maquinaria-agricola\/producto\/motosierra-ms-162-c-be\/#primaryimage"},"image":{"@id":"https:\/\/tallerescerda.com\/maquinaria-agricola\/producto\/motosierra-ms-162-c-be\/#primaryimage"},"thumbnailUrl":"https:\/\/tallerescerda.com\/maquinaria-agricola\/wp-content\/uploads\/2025\/03\/MS-162CB.jpg","datePublished":"2025-03-07T08:57:58+00:00","dateModified":"2026-01-17T00:05:43+00:00","breadcrumb":{"@id":"https:\/\/tallerescerda.com\/maquinaria-agricola\/producto\/motosierra-ms-162-c-be\/#breadcrumb"},"inLanguage":"es","potentialAction":[{"@type":"ReadAction","target":["https:\/\/tallerescerda.com\/maquinaria-agricola\/producto\/motosierra-ms-162-c-be\/"]}]},{"@type":"ImageObject","inLanguage":"es","@id":"https:\/\/tallerescerda.com\/maquinaria-agricola\/producto\/motosierra-ms-162-c-be\/#primaryimage","url":"https:\/\/tallerescerda.com\/maquinaria-agricola\/wp-content\/uploads\/2025\/03\/MS-162CB.jpg","contentUrl":"https:\/\/tallerescerda.com\/maquinaria-agricola\/wp-content\/uploads\/2025\/03\/MS-162CB.jpg","width":1065,"height":710},{"@type":"BreadcrumbList","@id":"https:\/\/tallerescerda.com\/maquinaria-agricola\/producto\/motosierra-ms-162-c-be\/#breadcrumb","itemListElement":[{"@type":"ListItem","position":1,"name":"Portada","item":"https:\/\/tallerescerda.com\/maquinaria-agricola\/"},{"@type":"ListItem","position":2,"name":"Tienda","item":"https:\/\/tallerescerda.com\/maquinaria-agricola\/tienda\/"},{"@type":"ListItem","position":3,"name":"Motosierra MS-162 C-BE"}]},{"@type":"WebSite","@id":"https:\/\/tallerescerda.com\/maquinaria-agricola\/#website","url":"https:\/\/tallerescerda.com\/maquinaria-agricola\/","name":"Taller Cerda","description":"Maquinaria Agr\u00edcola","potentialAction":[{"@type":"SearchAction","target":{"@type":"EntryPoint","urlTemplate":"https:\/\/tallerescerda.com\/maquinaria-agricola\/?s={search_term_string}"},"query-input":"required name=search_term_string"}],"inLanguage":"es"}]}},"_links":{"self":[{"href":"https:\/\/tallerescerda.com\/maquinaria-agricola\/wp-json\/wp\/v2\/product\/10218","targetHints":{"allow":["GET"]}}],"collection":[{"href":"https:\/\/tallerescerda.com\/maquinaria-agricola\/wp-json\/wp\/v2\/product"}],"about":[{"href":"https:\/\/tallerescerda.com\/maquinaria-agricola\/wp-json\/wp\/v2\/types\/product"}],"version-history":[{"count":1,"href":"https:\/\/tallerescerda.com\/maquinaria-agricola\/wp-json\/wp\/v2\/product\/10218\/revisions"}],"predecessor-version":[{"id":10220,"href":"https:\/\/tallerescerda.com\/maquinaria-agricola\/wp-json\/wp\/v2\/product\/10218\/revisions\/10220"}],"wp:featuredmedia":[{"embeddable":true,"href":"https:\/\/tallerescerda.com\/maquinaria-agricola\/wp-json\/wp\/v2\/media\/10219"}],"wp:attachment":[{"href":"https:\/\/tallerescerda.com\/maquinaria-agricola\/wp-json\/wp\/v2\/media?parent=10218"}],"wp:term":[{"taxonomy":"product_cat","embeddable":true,"href":"https:\/\/tallerescerda.com\/maquinaria-agricola\/wp-json\/wp\/v2\/product_cat?post=10218"},{"taxonomy":"product_tag","embeddable":true,"href":"https:\/\/tallerescerda.com\/maquinaria-agricola\/wp-json\/wp\/v2\/product_tag?post=10218"}],"curies":[{"name":"wp","href":"https:\/\/api.w.org\/{rel}","templated":true}]}}