{"id":10257,"date":"2025-03-07T10:53:26","date_gmt":"2025-03-07T10:53:26","guid":{"rendered":"https:\/\/tallerescerda.com\/maquinaria-agricola\/?post_type=product&#038;p=10257"},"modified":"2025-03-07T10:53:26","modified_gmt":"2025-03-07T10:53:26","slug":"motosierra-ms-271","status":"publish","type":"product","link":"https:\/\/tallerescerda.com\/maquinaria-agricola\/producto\/motosierra-ms-271\/","title":{"rendered":"Motosierra MS-271"},"content":{"rendered":"<p>MS-271<\/p>\n<ul>\n<li>50,2 cent\u00edmetros c\u00fabicos de motor<\/li>\n<li>3,5 CV de potencia<\/li>\n<li>5,6 kg de peso<\/li>\n<li>45 cent\u00edmetros de longitud de espada<\/li>\n<\/ul>\n<p>&nbsp;<\/p>\n","protected":false},"excerpt":{"rendered":"<p>MS-271 50,2 cent\u00edmetros c\u00fabicos de motor 3,5 CV de potencia 5,6 kg de peso 45 cent\u00edmetros de longitud de espada<\/p>\n","protected":false},"featured_media":10258,"template":"","meta":[],"product_cat":[158],"product_tag":[],"class_list":{"0":"post-10257","1":"product","2":"type-product","3":"status-publish","4":"has-post-thumbnail","6":"product_cat-motosierras-de-gasolina","8":"first","9":"onbackorder","10":"taxable","11":"shipping-taxable","12":"purchasable","13":"product-type-simple"},"yoast_head":"<!-- This site is optimized with the Yoast SEO plugin v22.7 - https:\/\/yoast.com\/wordpress\/plugins\/seo\/ -->\n<title>Motosierra MS-271 - Taller Cerda<\/title>\n<meta name=\"robots\" content=\"index, follow, max-snippet:-1, max-image-preview:large, max-video-preview:-1\" \/>\n<link rel=\"canonical\" href=\"https:\/\/tallerescerda.com\/maquinaria-agricola\/producto\/motosierra-ms-271\/\" \/>\n<meta property=\"og:locale\" content=\"es_ES\" \/>\n<meta property=\"og:type\" content=\"article\" \/>\n<meta property=\"og:title\" content=\"Motosierra MS-271 - Taller Cerda\" \/>\n<meta property=\"og:description\" content=\"MS-271 50,2 cent\u00edmetros c\u00fabicos de motor 3,5 CV de potencia 5,6 kg de peso 45 cent\u00edmetros de longitud de espada\" \/>\n<meta property=\"og:url\" content=\"https:\/\/tallerescerda.com\/maquinaria-agricola\/producto\/motosierra-ms-271\/\" \/>\n<meta property=\"og:site_name\" content=\"Taller Cerda\" \/>\n<meta property=\"og:image\" content=\"https:\/\/tallerescerda.com\/maquinaria-agricola\/wp-content\/uploads\/2025\/03\/MS-271.jpg\" \/>\n\t<meta property=\"og:image:width\" content=\"1065\" \/>\n\t<meta property=\"og:image:height\" content=\"631\" \/>\n\t<meta property=\"og:image:type\" content=\"image\/jpeg\" \/>\n<meta name=\"twitter:card\" content=\"summary_large_image\" \/>\n<meta name=\"twitter:label1\" content=\"Tiempo de lectura\" \/>\n\t<meta name=\"twitter:data1\" content=\"1 minuto\" \/>\n<script type=\"application\/ld+json\" class=\"yoast-schema-graph\">{\"@context\":\"https:\/\/schema.org\",\"@graph\":[{\"@type\":\"WebPage\",\"@id\":\"https:\/\/tallerescerda.com\/maquinaria-agricola\/producto\/motosierra-ms-271\/\",\"url\":\"https:\/\/tallerescerda.com\/maquinaria-agricola\/producto\/motosierra-ms-271\/\",\"name\":\"Motosierra MS-271 - Taller Cerda\",\"isPartOf\":{\"@id\":\"https:\/\/tallerescerda.com\/maquinaria-agricola\/#website\"},\"primaryImageOfPage\":{\"@id\":\"https:\/\/tallerescerda.com\/maquinaria-agricola\/producto\/motosierra-ms-271\/#primaryimage\"},\"image\":{\"@id\":\"https:\/\/tallerescerda.com\/maquinaria-agricola\/producto\/motosierra-ms-271\/#primaryimage\"},\"thumbnailUrl\":\"https:\/\/tallerescerda.com\/maquinaria-agricola\/wp-content\/uploads\/2025\/03\/MS-271.jpg\",\"datePublished\":\"2025-03-07T10:53:26+00:00\",\"dateModified\":\"2025-03-07T10:53:26+00:00\",\"breadcrumb\":{\"@id\":\"https:\/\/tallerescerda.com\/maquinaria-agricola\/producto\/motosierra-ms-271\/#breadcrumb\"},\"inLanguage\":\"es\",\"potentialAction\":[{\"@type\":\"ReadAction\",\"target\":[\"https:\/\/tallerescerda.com\/maquinaria-agricola\/producto\/motosierra-ms-271\/\"]}]},{\"@type\":\"ImageObject\",\"inLanguage\":\"es\",\"@id\":\"https:\/\/tallerescerda.com\/maquinaria-agricola\/producto\/motosierra-ms-271\/#primaryimage\",\"url\":\"https:\/\/tallerescerda.com\/maquinaria-agricola\/wp-content\/uploads\/2025\/03\/MS-271.jpg\",\"contentUrl\":\"https:\/\/tallerescerda.com\/maquinaria-agricola\/wp-content\/uploads\/2025\/03\/MS-271.jpg\",\"width\":1065,\"height\":631},{\"@type\":\"BreadcrumbList\",\"@id\":\"https:\/\/tallerescerda.com\/maquinaria-agricola\/producto\/motosierra-ms-271\/#breadcrumb\",\"itemListElement\":[{\"@type\":\"ListItem\",\"position\":1,\"name\":\"Portada\",\"item\":\"https:\/\/tallerescerda.com\/maquinaria-agricola\/\"},{\"@type\":\"ListItem\",\"position\":2,\"name\":\"Tienda\",\"item\":\"https:\/\/tallerescerda.com\/maquinaria-agricola\/tienda\/\"},{\"@type\":\"ListItem\",\"position\":3,\"name\":\"Motosierra MS-271\"}]},{\"@type\":\"WebSite\",\"@id\":\"https:\/\/tallerescerda.com\/maquinaria-agricola\/#website\",\"url\":\"https:\/\/tallerescerda.com\/maquinaria-agricola\/\",\"name\":\"Taller Cerda\",\"description\":\"Maquinaria Agr\u00edcola\",\"potentialAction\":[{\"@type\":\"SearchAction\",\"target\":{\"@type\":\"EntryPoint\",\"urlTemplate\":\"https:\/\/tallerescerda.com\/maquinaria-agricola\/?s={search_term_string}\"},\"query-input\":\"required name=search_term_string\"}],\"inLanguage\":\"es\"}]}<\/script>\n<!-- \/ Yoast SEO plugin. -->","yoast_head_json":{"title":"Motosierra MS-271 - Taller Cerda","robots":{"index":"index","follow":"follow","max-snippet":"max-snippet:-1","max-image-preview":"max-image-preview:large","max-video-preview":"max-video-preview:-1"},"canonical":"https:\/\/tallerescerda.com\/maquinaria-agricola\/producto\/motosierra-ms-271\/","og_locale":"es_ES","og_type":"article","og_title":"Motosierra MS-271 - Taller Cerda","og_description":"MS-271 50,2 cent\u00edmetros c\u00fabicos de motor 3,5 CV de potencia 5,6 kg de peso 45 cent\u00edmetros de longitud de espada","og_url":"https:\/\/tallerescerda.com\/maquinaria-agricola\/producto\/motosierra-ms-271\/","og_site_name":"Taller Cerda","og_image":[{"width":1065,"height":631,"url":"https:\/\/tallerescerda.com\/maquinaria-agricola\/wp-content\/uploads\/2025\/03\/MS-271.jpg","type":"image\/jpeg"}],"twitter_card":"summary_large_image","twitter_misc":{"Tiempo de lectura":"1 minuto"},"schema":{"@context":"https:\/\/schema.org","@graph":[{"@type":"WebPage","@id":"https:\/\/tallerescerda.com\/maquinaria-agricola\/producto\/motosierra-ms-271\/","url":"https:\/\/tallerescerda.com\/maquinaria-agricola\/producto\/motosierra-ms-271\/","name":"Motosierra MS-271 - Taller Cerda","isPartOf":{"@id":"https:\/\/tallerescerda.com\/maquinaria-agricola\/#website"},"primaryImageOfPage":{"@id":"https:\/\/tallerescerda.com\/maquinaria-agricola\/producto\/motosierra-ms-271\/#primaryimage"},"image":{"@id":"https:\/\/tallerescerda.com\/maquinaria-agricola\/producto\/motosierra-ms-271\/#primaryimage"},"thumbnailUrl":"https:\/\/tallerescerda.com\/maquinaria-agricola\/wp-content\/uploads\/2025\/03\/MS-271.jpg","datePublished":"2025-03-07T10:53:26+00:00","dateModified":"2025-03-07T10:53:26+00:00","breadcrumb":{"@id":"https:\/\/tallerescerda.com\/maquinaria-agricola\/producto\/motosierra-ms-271\/#breadcrumb"},"inLanguage":"es","potentialAction":[{"@type":"ReadAction","target":["https:\/\/tallerescerda.com\/maquinaria-agricola\/producto\/motosierra-ms-271\/"]}]},{"@type":"ImageObject","inLanguage":"es","@id":"https:\/\/tallerescerda.com\/maquinaria-agricola\/producto\/motosierra-ms-271\/#primaryimage","url":"https:\/\/tallerescerda.com\/maquinaria-agricola\/wp-content\/uploads\/2025\/03\/MS-271.jpg","contentUrl":"https:\/\/tallerescerda.com\/maquinaria-agricola\/wp-content\/uploads\/2025\/03\/MS-271.jpg","width":1065,"height":631},{"@type":"BreadcrumbList","@id":"https:\/\/tallerescerda.com\/maquinaria-agricola\/producto\/motosierra-ms-271\/#breadcrumb","itemListElement":[{"@type":"ListItem","position":1,"name":"Portada","item":"https:\/\/tallerescerda.com\/maquinaria-agricola\/"},{"@type":"ListItem","position":2,"name":"Tienda","item":"https:\/\/tallerescerda.com\/maquinaria-agricola\/tienda\/"},{"@type":"ListItem","position":3,"name":"Motosierra MS-271"}]},{"@type":"WebSite","@id":"https:\/\/tallerescerda.com\/maquinaria-agricola\/#website","url":"https:\/\/tallerescerda.com\/maquinaria-agricola\/","name":"Taller Cerda","description":"Maquinaria Agr\u00edcola","potentialAction":[{"@type":"SearchAction","target":{"@type":"EntryPoint","urlTemplate":"https:\/\/tallerescerda.com\/maquinaria-agricola\/?s={search_term_string}"},"query-input":"required name=search_term_string"}],"inLanguage":"es"}]}},"_links":{"self":[{"href":"https:\/\/tallerescerda.com\/maquinaria-agricola\/wp-json\/wp\/v2\/product\/10257","targetHints":{"allow":["GET"]}}],"collection":[{"href":"https:\/\/tallerescerda.com\/maquinaria-agricola\/wp-json\/wp\/v2\/product"}],"about":[{"href":"https:\/\/tallerescerda.com\/maquinaria-agricola\/wp-json\/wp\/v2\/types\/product"}],"version-history":[{"count":1,"href":"https:\/\/tallerescerda.com\/maquinaria-agricola\/wp-json\/wp\/v2\/product\/10257\/revisions"}],"predecessor-version":[{"id":10259,"href":"https:\/\/tallerescerda.com\/maquinaria-agricola\/wp-json\/wp\/v2\/product\/10257\/revisions\/10259"}],"wp:featuredmedia":[{"embeddable":true,"href":"https:\/\/tallerescerda.com\/maquinaria-agricola\/wp-json\/wp\/v2\/media\/10258"}],"wp:attachment":[{"href":"https:\/\/tallerescerda.com\/maquinaria-agricola\/wp-json\/wp\/v2\/media?parent=10257"}],"wp:term":[{"taxonomy":"product_cat","embeddable":true,"href":"https:\/\/tallerescerda.com\/maquinaria-agricola\/wp-json\/wp\/v2\/product_cat?post=10257"},{"taxonomy":"product_tag","embeddable":true,"href":"https:\/\/tallerescerda.com\/maquinaria-agricola\/wp-json\/wp\/v2\/product_tag?post=10257"}],"curies":[{"name":"wp","href":"https:\/\/api.w.org\/{rel}","templated":true}]}}