{"id":10609,"date":"2025-03-18T10:29:12","date_gmt":"2025-03-18T10:29:12","guid":{"rendered":"https:\/\/tallerescerda.com\/maquinaria-agricola\/?post_type=product&#038;p=10609"},"modified":"2025-07-01T00:01:39","modified_gmt":"2025-07-01T00:01:39","slug":"cortacesped-rm-650-0-t","status":"publish","type":"product","link":"https:\/\/tallerescerda.com\/maquinaria-agricola\/producto\/cortacesped-rm-650-0-t\/","title":{"rendered":"Cortac\u00e9sped RM-650.0 T"},"content":{"rendered":"<p>RM-650.0 T<\/p>\n<ul>\n<li>Motor Kohler Serie HD-775 OHV SC<\/li>\n<li>173 cent\u00edmetros c\u00fabico de motor<\/li>\n<li>3,5 CV de potencia<\/li>\n<li>2.800 revoluciones por minuto<\/li>\n<li>0,6 Litros de dep\u00f3sito<\/li>\n<li>Arranque manual<\/li>\n<li>48 cent\u00edmetros de ancho de corte<\/li>\n<li>De 25 a 85 mm de altura de corte<\/li>\n<li>7 posiciones de regulaci\u00f3n de altura<\/li>\n<li>Funci\u00f3n : segar<\/li>\n<li>Carcasa de aluminio<\/li>\n<li>Lleva tracci\u00f3n<\/li>\n<li>70 Litros de capacidad de recogida<\/li>\n<li>45 kg de peso<\/li>\n<li>2.000 metros cuadrados de superficie de c\u00e9sped<\/li>\n<\/ul>\n<p>&nbsp;<\/p>\n","protected":false},"excerpt":{"rendered":"<p>RM-650.0 T Motor Kohler Serie HD-775 OHV SC 173 cent\u00edmetros c\u00fabico de motor 3,5 CV de potencia 2.800 revoluciones por<\/p>\n","protected":false},"featured_media":10610,"template":"","meta":[],"product_cat":[171],"product_tag":[],"class_list":{"0":"post-10609","1":"product","2":"type-product","3":"status-publish","4":"has-post-thumbnail","6":"product_cat-cortacesped-de-gasolina","8":"first","9":"onbackorder","10":"taxable","11":"shipping-taxable","12":"purchasable","13":"product-type-simple"},"yoast_head":"<!-- This site is optimized with the Yoast SEO plugin v22.7 - https:\/\/yoast.com\/wordpress\/plugins\/seo\/ -->\n<title>Cortac\u00e9sped RM-650.0 T - Taller Cerda<\/title>\n<meta name=\"robots\" content=\"index, follow, max-snippet:-1, max-image-preview:large, max-video-preview:-1\" \/>\n<link rel=\"canonical\" href=\"https:\/\/tallerescerda.com\/maquinaria-agricola\/producto\/cortacesped-rm-650-0-t\/\" \/>\n<meta property=\"og:locale\" content=\"es_ES\" \/>\n<meta property=\"og:type\" content=\"article\" \/>\n<meta property=\"og:title\" content=\"Cortac\u00e9sped RM-650.0 T - Taller Cerda\" \/>\n<meta property=\"og:description\" content=\"RM-650.0 T Motor Kohler Serie HD-775 OHV SC 173 cent\u00edmetros c\u00fabico de motor 3,5 CV de potencia 2.800 revoluciones por\" \/>\n<meta property=\"og:url\" content=\"https:\/\/tallerescerda.com\/maquinaria-agricola\/producto\/cortacesped-rm-650-0-t\/\" \/>\n<meta property=\"og:site_name\" content=\"Taller Cerda\" \/>\n<meta property=\"article:modified_time\" content=\"2025-07-01T00:01:39+00:00\" \/>\n<meta property=\"og:image\" content=\"https:\/\/tallerescerda.com\/maquinaria-agricola\/wp-content\/uploads\/2025\/03\/RM-650T.jpg\" \/>\n\t<meta property=\"og:image:width\" content=\"1065\" \/>\n\t<meta property=\"og:image:height\" content=\"1065\" \/>\n\t<meta property=\"og:image:type\" content=\"image\/jpeg\" \/>\n<meta name=\"twitter:card\" content=\"summary_large_image\" \/>\n<meta name=\"twitter:label1\" content=\"Tiempo de lectura\" \/>\n\t<meta name=\"twitter:data1\" content=\"1 minuto\" \/>\n<script type=\"application\/ld+json\" class=\"yoast-schema-graph\">{\"@context\":\"https:\/\/schema.org\",\"@graph\":[{\"@type\":\"WebPage\",\"@id\":\"https:\/\/tallerescerda.com\/maquinaria-agricola\/producto\/cortacesped-rm-650-0-t\/\",\"url\":\"https:\/\/tallerescerda.com\/maquinaria-agricola\/producto\/cortacesped-rm-650-0-t\/\",\"name\":\"Cortac\u00e9sped RM-650.0 T - Taller Cerda\",\"isPartOf\":{\"@id\":\"https:\/\/tallerescerda.com\/maquinaria-agricola\/#website\"},\"primaryImageOfPage\":{\"@id\":\"https:\/\/tallerescerda.com\/maquinaria-agricola\/producto\/cortacesped-rm-650-0-t\/#primaryimage\"},\"image\":{\"@id\":\"https:\/\/tallerescerda.com\/maquinaria-agricola\/producto\/cortacesped-rm-650-0-t\/#primaryimage\"},\"thumbnailUrl\":\"https:\/\/tallerescerda.com\/maquinaria-agricola\/wp-content\/uploads\/2025\/03\/RM-650T.jpg\",\"datePublished\":\"2025-03-18T10:29:12+00:00\",\"dateModified\":\"2025-07-01T00:01:39+00:00\",\"breadcrumb\":{\"@id\":\"https:\/\/tallerescerda.com\/maquinaria-agricola\/producto\/cortacesped-rm-650-0-t\/#breadcrumb\"},\"inLanguage\":\"es\",\"potentialAction\":[{\"@type\":\"ReadAction\",\"target\":[\"https:\/\/tallerescerda.com\/maquinaria-agricola\/producto\/cortacesped-rm-650-0-t\/\"]}]},{\"@type\":\"ImageObject\",\"inLanguage\":\"es\",\"@id\":\"https:\/\/tallerescerda.com\/maquinaria-agricola\/producto\/cortacesped-rm-650-0-t\/#primaryimage\",\"url\":\"https:\/\/tallerescerda.com\/maquinaria-agricola\/wp-content\/uploads\/2025\/03\/RM-650T.jpg\",\"contentUrl\":\"https:\/\/tallerescerda.com\/maquinaria-agricola\/wp-content\/uploads\/2025\/03\/RM-650T.jpg\",\"width\":1065,\"height\":1065},{\"@type\":\"BreadcrumbList\",\"@id\":\"https:\/\/tallerescerda.com\/maquinaria-agricola\/producto\/cortacesped-rm-650-0-t\/#breadcrumb\",\"itemListElement\":[{\"@type\":\"ListItem\",\"position\":1,\"name\":\"Portada\",\"item\":\"https:\/\/tallerescerda.com\/maquinaria-agricola\/\"},{\"@type\":\"ListItem\",\"position\":2,\"name\":\"Tienda\",\"item\":\"https:\/\/tallerescerda.com\/maquinaria-agricola\/tienda\/\"},{\"@type\":\"ListItem\",\"position\":3,\"name\":\"Cortac\u00e9sped RM-650.0 T\"}]},{\"@type\":\"WebSite\",\"@id\":\"https:\/\/tallerescerda.com\/maquinaria-agricola\/#website\",\"url\":\"https:\/\/tallerescerda.com\/maquinaria-agricola\/\",\"name\":\"Taller Cerda\",\"description\":\"Maquinaria Agr\u00edcola\",\"potentialAction\":[{\"@type\":\"SearchAction\",\"target\":{\"@type\":\"EntryPoint\",\"urlTemplate\":\"https:\/\/tallerescerda.com\/maquinaria-agricola\/?s={search_term_string}\"},\"query-input\":\"required name=search_term_string\"}],\"inLanguage\":\"es\"}]}<\/script>\n<!-- \/ Yoast SEO plugin. -->","yoast_head_json":{"title":"Cortac\u00e9sped RM-650.0 T - Taller Cerda","robots":{"index":"index","follow":"follow","max-snippet":"max-snippet:-1","max-image-preview":"max-image-preview:large","max-video-preview":"max-video-preview:-1"},"canonical":"https:\/\/tallerescerda.com\/maquinaria-agricola\/producto\/cortacesped-rm-650-0-t\/","og_locale":"es_ES","og_type":"article","og_title":"Cortac\u00e9sped RM-650.0 T - Taller Cerda","og_description":"RM-650.0 T Motor Kohler Serie HD-775 OHV SC 173 cent\u00edmetros c\u00fabico de motor 3,5 CV de potencia 2.800 revoluciones por","og_url":"https:\/\/tallerescerda.com\/maquinaria-agricola\/producto\/cortacesped-rm-650-0-t\/","og_site_name":"Taller Cerda","article_modified_time":"2025-07-01T00:01:39+00:00","og_image":[{"width":1065,"height":1065,"url":"https:\/\/tallerescerda.com\/maquinaria-agricola\/wp-content\/uploads\/2025\/03\/RM-650T.jpg","type":"image\/jpeg"}],"twitter_card":"summary_large_image","twitter_misc":{"Tiempo de lectura":"1 minuto"},"schema":{"@context":"https:\/\/schema.org","@graph":[{"@type":"WebPage","@id":"https:\/\/tallerescerda.com\/maquinaria-agricola\/producto\/cortacesped-rm-650-0-t\/","url":"https:\/\/tallerescerda.com\/maquinaria-agricola\/producto\/cortacesped-rm-650-0-t\/","name":"Cortac\u00e9sped RM-650.0 T - Taller Cerda","isPartOf":{"@id":"https:\/\/tallerescerda.com\/maquinaria-agricola\/#website"},"primaryImageOfPage":{"@id":"https:\/\/tallerescerda.com\/maquinaria-agricola\/producto\/cortacesped-rm-650-0-t\/#primaryimage"},"image":{"@id":"https:\/\/tallerescerda.com\/maquinaria-agricola\/producto\/cortacesped-rm-650-0-t\/#primaryimage"},"thumbnailUrl":"https:\/\/tallerescerda.com\/maquinaria-agricola\/wp-content\/uploads\/2025\/03\/RM-650T.jpg","datePublished":"2025-03-18T10:29:12+00:00","dateModified":"2025-07-01T00:01:39+00:00","breadcrumb":{"@id":"https:\/\/tallerescerda.com\/maquinaria-agricola\/producto\/cortacesped-rm-650-0-t\/#breadcrumb"},"inLanguage":"es","potentialAction":[{"@type":"ReadAction","target":["https:\/\/tallerescerda.com\/maquinaria-agricola\/producto\/cortacesped-rm-650-0-t\/"]}]},{"@type":"ImageObject","inLanguage":"es","@id":"https:\/\/tallerescerda.com\/maquinaria-agricola\/producto\/cortacesped-rm-650-0-t\/#primaryimage","url":"https:\/\/tallerescerda.com\/maquinaria-agricola\/wp-content\/uploads\/2025\/03\/RM-650T.jpg","contentUrl":"https:\/\/tallerescerda.com\/maquinaria-agricola\/wp-content\/uploads\/2025\/03\/RM-650T.jpg","width":1065,"height":1065},{"@type":"BreadcrumbList","@id":"https:\/\/tallerescerda.com\/maquinaria-agricola\/producto\/cortacesped-rm-650-0-t\/#breadcrumb","itemListElement":[{"@type":"ListItem","position":1,"name":"Portada","item":"https:\/\/tallerescerda.com\/maquinaria-agricola\/"},{"@type":"ListItem","position":2,"name":"Tienda","item":"https:\/\/tallerescerda.com\/maquinaria-agricola\/tienda\/"},{"@type":"ListItem","position":3,"name":"Cortac\u00e9sped RM-650.0 T"}]},{"@type":"WebSite","@id":"https:\/\/tallerescerda.com\/maquinaria-agricola\/#website","url":"https:\/\/tallerescerda.com\/maquinaria-agricola\/","name":"Taller Cerda","description":"Maquinaria Agr\u00edcola","potentialAction":[{"@type":"SearchAction","target":{"@type":"EntryPoint","urlTemplate":"https:\/\/tallerescerda.com\/maquinaria-agricola\/?s={search_term_string}"},"query-input":"required name=search_term_string"}],"inLanguage":"es"}]}},"_links":{"self":[{"href":"https:\/\/tallerescerda.com\/maquinaria-agricola\/wp-json\/wp\/v2\/product\/10609","targetHints":{"allow":["GET"]}}],"collection":[{"href":"https:\/\/tallerescerda.com\/maquinaria-agricola\/wp-json\/wp\/v2\/product"}],"about":[{"href":"https:\/\/tallerescerda.com\/maquinaria-agricola\/wp-json\/wp\/v2\/types\/product"}],"version-history":[{"count":1,"href":"https:\/\/tallerescerda.com\/maquinaria-agricola\/wp-json\/wp\/v2\/product\/10609\/revisions"}],"predecessor-version":[{"id":10611,"href":"https:\/\/tallerescerda.com\/maquinaria-agricola\/wp-json\/wp\/v2\/product\/10609\/revisions\/10611"}],"wp:featuredmedia":[{"embeddable":true,"href":"https:\/\/tallerescerda.com\/maquinaria-agricola\/wp-json\/wp\/v2\/media\/10610"}],"wp:attachment":[{"href":"https:\/\/tallerescerda.com\/maquinaria-agricola\/wp-json\/wp\/v2\/media?parent=10609"}],"wp:term":[{"taxonomy":"product_cat","embeddable":true,"href":"https:\/\/tallerescerda.com\/maquinaria-agricola\/wp-json\/wp\/v2\/product_cat?post=10609"},{"taxonomy":"product_tag","embeddable":true,"href":"https:\/\/tallerescerda.com\/maquinaria-agricola\/wp-json\/wp\/v2\/product_tag?post=10609"}],"curies":[{"name":"wp","href":"https:\/\/api.w.org\/{rel}","templated":true}]}}