{"id":10654,"date":"2025-03-18T16:41:28","date_gmt":"2025-03-18T16:41:28","guid":{"rendered":"https:\/\/tallerescerda.com\/maquinaria-agricola\/?post_type=product&#038;p=10654"},"modified":"2025-07-01T00:01:39","modified_gmt":"2025-07-01T00:01:39","slug":"tractor-cortacesped-rt-5112-1-z","status":"publish","type":"product","link":"https:\/\/tallerescerda.com\/maquinaria-agricola\/producto\/tractor-cortacesped-rt-5112-1-z\/","title":{"rendered":"Tractor cortac\u00e9sped RT-5112.1 Z"},"content":{"rendered":"<p>RT-5112.1 Z<\/p>\n<ul>\n<li>Motor STIHL EVC 7000<\/li>\n<li>635 cent\u00edmetros c\u00fabicos de motor (2 cilindros)<\/li>\n<li>16,6 CV de potencia<\/li>\n<li>2.700 revoluciones por minuto<\/li>\n<li>1,2 Litros de dep\u00f3sito de aceite<\/li>\n<li>9 Litros de dep\u00f3sito de gasolina<\/li>\n<li>Arranque el\u00e9ctrico<\/li>\n<li>Accionamiento de cuchillas por embrague electromagn\u00e9tico<\/li>\n<li>2 cuchillas<\/li>\n<li>110 cent\u00edmetros de ancho de corte<\/li>\n<li>De 30 a 100 mm de altura de corte<\/li>\n<li>Funci\u00f3n : recoger<\/li>\n<li>350 Litros de capacidad de recogida<\/li>\n<li>Velocidad hidrost\u00e1tica<\/li>\n<li>270 kg de peso<\/li>\n<li>8.000 metros cuadrados de superficie de c\u00e9sped<\/li>\n<li>Reducido radio de giro<\/li>\n<li>Equipo de corte de r\u00e1pido desmontaje, sin herramientas<\/li>\n<li>Palanca para vaciado del recogedor muy accesible desde el asiento<\/li>\n<li>Indicador de nivel de llenado, ajustable en funci\u00f3n de la altura del c\u00e9sped, humedad y densidad<\/li>\n<\/ul>\n<p>&nbsp;<\/p>\n","protected":false},"excerpt":{"rendered":"<p>RT-5112.1 Z Motor STIHL EVC 7000 635 cent\u00edmetros c\u00fabicos de motor (2 cilindros) 16,6 CV de potencia 2.700 revoluciones por<\/p>\n","protected":false},"featured_media":10655,"template":"","meta":[],"product_cat":[172],"product_tag":[],"class_list":{"0":"post-10654","1":"product","2":"type-product","3":"status-publish","4":"has-post-thumbnail","6":"product_cat-tractor-cortacesped-gasolina","8":"first","9":"onbackorder","10":"taxable","11":"shipping-taxable","12":"purchasable","13":"product-type-simple"},"yoast_head":"<!-- This site is optimized with the Yoast SEO plugin v22.7 - https:\/\/yoast.com\/wordpress\/plugins\/seo\/ -->\n<title>Tractor cortac\u00e9sped RT-5112.1 Z - Taller Cerda<\/title>\n<meta name=\"robots\" content=\"index, follow, max-snippet:-1, max-image-preview:large, max-video-preview:-1\" \/>\n<link rel=\"canonical\" href=\"https:\/\/tallerescerda.com\/maquinaria-agricola\/producto\/tractor-cortacesped-rt-5112-1-z\/\" \/>\n<meta property=\"og:locale\" content=\"es_ES\" \/>\n<meta property=\"og:type\" content=\"article\" \/>\n<meta property=\"og:title\" content=\"Tractor cortac\u00e9sped RT-5112.1 Z - Taller Cerda\" \/>\n<meta property=\"og:description\" content=\"RT-5112.1 Z Motor STIHL EVC 7000 635 cent\u00edmetros c\u00fabicos de motor (2 cilindros) 16,6 CV de potencia 2.700 revoluciones por\" \/>\n<meta property=\"og:url\" content=\"https:\/\/tallerescerda.com\/maquinaria-agricola\/producto\/tractor-cortacesped-rt-5112-1-z\/\" \/>\n<meta property=\"og:site_name\" content=\"Taller Cerda\" \/>\n<meta property=\"article:modified_time\" content=\"2025-07-01T00:01:39+00:00\" \/>\n<meta property=\"og:image\" content=\"https:\/\/tallerescerda.com\/maquinaria-agricola\/wp-content\/uploads\/2025\/03\/RT-5112Z.jpg\" \/>\n\t<meta property=\"og:image:width\" content=\"1065\" \/>\n\t<meta property=\"og:image:height\" content=\"781\" \/>\n\t<meta property=\"og:image:type\" content=\"image\/jpeg\" \/>\n<meta name=\"twitter:card\" content=\"summary_large_image\" \/>\n<meta name=\"twitter:label1\" content=\"Tiempo de lectura\" \/>\n\t<meta name=\"twitter:data1\" content=\"1 minuto\" \/>\n<script type=\"application\/ld+json\" class=\"yoast-schema-graph\">{\"@context\":\"https:\/\/schema.org\",\"@graph\":[{\"@type\":\"WebPage\",\"@id\":\"https:\/\/tallerescerda.com\/maquinaria-agricola\/producto\/tractor-cortacesped-rt-5112-1-z\/\",\"url\":\"https:\/\/tallerescerda.com\/maquinaria-agricola\/producto\/tractor-cortacesped-rt-5112-1-z\/\",\"name\":\"Tractor cortac\u00e9sped RT-5112.1 Z - Taller Cerda\",\"isPartOf\":{\"@id\":\"https:\/\/tallerescerda.com\/maquinaria-agricola\/#website\"},\"primaryImageOfPage\":{\"@id\":\"https:\/\/tallerescerda.com\/maquinaria-agricola\/producto\/tractor-cortacesped-rt-5112-1-z\/#primaryimage\"},\"image\":{\"@id\":\"https:\/\/tallerescerda.com\/maquinaria-agricola\/producto\/tractor-cortacesped-rt-5112-1-z\/#primaryimage\"},\"thumbnailUrl\":\"https:\/\/tallerescerda.com\/maquinaria-agricola\/wp-content\/uploads\/2025\/03\/RT-5112Z.jpg\",\"datePublished\":\"2025-03-18T16:41:28+00:00\",\"dateModified\":\"2025-07-01T00:01:39+00:00\",\"breadcrumb\":{\"@id\":\"https:\/\/tallerescerda.com\/maquinaria-agricola\/producto\/tractor-cortacesped-rt-5112-1-z\/#breadcrumb\"},\"inLanguage\":\"es\",\"potentialAction\":[{\"@type\":\"ReadAction\",\"target\":[\"https:\/\/tallerescerda.com\/maquinaria-agricola\/producto\/tractor-cortacesped-rt-5112-1-z\/\"]}]},{\"@type\":\"ImageObject\",\"inLanguage\":\"es\",\"@id\":\"https:\/\/tallerescerda.com\/maquinaria-agricola\/producto\/tractor-cortacesped-rt-5112-1-z\/#primaryimage\",\"url\":\"https:\/\/tallerescerda.com\/maquinaria-agricola\/wp-content\/uploads\/2025\/03\/RT-5112Z.jpg\",\"contentUrl\":\"https:\/\/tallerescerda.com\/maquinaria-agricola\/wp-content\/uploads\/2025\/03\/RT-5112Z.jpg\",\"width\":1065,\"height\":781},{\"@type\":\"BreadcrumbList\",\"@id\":\"https:\/\/tallerescerda.com\/maquinaria-agricola\/producto\/tractor-cortacesped-rt-5112-1-z\/#breadcrumb\",\"itemListElement\":[{\"@type\":\"ListItem\",\"position\":1,\"name\":\"Portada\",\"item\":\"https:\/\/tallerescerda.com\/maquinaria-agricola\/\"},{\"@type\":\"ListItem\",\"position\":2,\"name\":\"Tienda\",\"item\":\"https:\/\/tallerescerda.com\/maquinaria-agricola\/tienda\/\"},{\"@type\":\"ListItem\",\"position\":3,\"name\":\"Tractor cortac\u00e9sped RT-5112.1 Z\"}]},{\"@type\":\"WebSite\",\"@id\":\"https:\/\/tallerescerda.com\/maquinaria-agricola\/#website\",\"url\":\"https:\/\/tallerescerda.com\/maquinaria-agricola\/\",\"name\":\"Taller Cerda\",\"description\":\"Maquinaria Agr\u00edcola\",\"potentialAction\":[{\"@type\":\"SearchAction\",\"target\":{\"@type\":\"EntryPoint\",\"urlTemplate\":\"https:\/\/tallerescerda.com\/maquinaria-agricola\/?s={search_term_string}\"},\"query-input\":\"required name=search_term_string\"}],\"inLanguage\":\"es\"}]}<\/script>\n<!-- \/ Yoast SEO plugin. -->","yoast_head_json":{"title":"Tractor cortac\u00e9sped RT-5112.1 Z - Taller Cerda","robots":{"index":"index","follow":"follow","max-snippet":"max-snippet:-1","max-image-preview":"max-image-preview:large","max-video-preview":"max-video-preview:-1"},"canonical":"https:\/\/tallerescerda.com\/maquinaria-agricola\/producto\/tractor-cortacesped-rt-5112-1-z\/","og_locale":"es_ES","og_type":"article","og_title":"Tractor cortac\u00e9sped RT-5112.1 Z - Taller Cerda","og_description":"RT-5112.1 Z Motor STIHL EVC 7000 635 cent\u00edmetros c\u00fabicos de motor (2 cilindros) 16,6 CV de potencia 2.700 revoluciones por","og_url":"https:\/\/tallerescerda.com\/maquinaria-agricola\/producto\/tractor-cortacesped-rt-5112-1-z\/","og_site_name":"Taller Cerda","article_modified_time":"2025-07-01T00:01:39+00:00","og_image":[{"width":1065,"height":781,"url":"https:\/\/tallerescerda.com\/maquinaria-agricola\/wp-content\/uploads\/2025\/03\/RT-5112Z.jpg","type":"image\/jpeg"}],"twitter_card":"summary_large_image","twitter_misc":{"Tiempo de lectura":"1 minuto"},"schema":{"@context":"https:\/\/schema.org","@graph":[{"@type":"WebPage","@id":"https:\/\/tallerescerda.com\/maquinaria-agricola\/producto\/tractor-cortacesped-rt-5112-1-z\/","url":"https:\/\/tallerescerda.com\/maquinaria-agricola\/producto\/tractor-cortacesped-rt-5112-1-z\/","name":"Tractor cortac\u00e9sped RT-5112.1 Z - Taller Cerda","isPartOf":{"@id":"https:\/\/tallerescerda.com\/maquinaria-agricola\/#website"},"primaryImageOfPage":{"@id":"https:\/\/tallerescerda.com\/maquinaria-agricola\/producto\/tractor-cortacesped-rt-5112-1-z\/#primaryimage"},"image":{"@id":"https:\/\/tallerescerda.com\/maquinaria-agricola\/producto\/tractor-cortacesped-rt-5112-1-z\/#primaryimage"},"thumbnailUrl":"https:\/\/tallerescerda.com\/maquinaria-agricola\/wp-content\/uploads\/2025\/03\/RT-5112Z.jpg","datePublished":"2025-03-18T16:41:28+00:00","dateModified":"2025-07-01T00:01:39+00:00","breadcrumb":{"@id":"https:\/\/tallerescerda.com\/maquinaria-agricola\/producto\/tractor-cortacesped-rt-5112-1-z\/#breadcrumb"},"inLanguage":"es","potentialAction":[{"@type":"ReadAction","target":["https:\/\/tallerescerda.com\/maquinaria-agricola\/producto\/tractor-cortacesped-rt-5112-1-z\/"]}]},{"@type":"ImageObject","inLanguage":"es","@id":"https:\/\/tallerescerda.com\/maquinaria-agricola\/producto\/tractor-cortacesped-rt-5112-1-z\/#primaryimage","url":"https:\/\/tallerescerda.com\/maquinaria-agricola\/wp-content\/uploads\/2025\/03\/RT-5112Z.jpg","contentUrl":"https:\/\/tallerescerda.com\/maquinaria-agricola\/wp-content\/uploads\/2025\/03\/RT-5112Z.jpg","width":1065,"height":781},{"@type":"BreadcrumbList","@id":"https:\/\/tallerescerda.com\/maquinaria-agricola\/producto\/tractor-cortacesped-rt-5112-1-z\/#breadcrumb","itemListElement":[{"@type":"ListItem","position":1,"name":"Portada","item":"https:\/\/tallerescerda.com\/maquinaria-agricola\/"},{"@type":"ListItem","position":2,"name":"Tienda","item":"https:\/\/tallerescerda.com\/maquinaria-agricola\/tienda\/"},{"@type":"ListItem","position":3,"name":"Tractor cortac\u00e9sped RT-5112.1 Z"}]},{"@type":"WebSite","@id":"https:\/\/tallerescerda.com\/maquinaria-agricola\/#website","url":"https:\/\/tallerescerda.com\/maquinaria-agricola\/","name":"Taller Cerda","description":"Maquinaria Agr\u00edcola","potentialAction":[{"@type":"SearchAction","target":{"@type":"EntryPoint","urlTemplate":"https:\/\/tallerescerda.com\/maquinaria-agricola\/?s={search_term_string}"},"query-input":"required name=search_term_string"}],"inLanguage":"es"}]}},"_links":{"self":[{"href":"https:\/\/tallerescerda.com\/maquinaria-agricola\/wp-json\/wp\/v2\/product\/10654","targetHints":{"allow":["GET"]}}],"collection":[{"href":"https:\/\/tallerescerda.com\/maquinaria-agricola\/wp-json\/wp\/v2\/product"}],"about":[{"href":"https:\/\/tallerescerda.com\/maquinaria-agricola\/wp-json\/wp\/v2\/types\/product"}],"version-history":[{"count":1,"href":"https:\/\/tallerescerda.com\/maquinaria-agricola\/wp-json\/wp\/v2\/product\/10654\/revisions"}],"predecessor-version":[{"id":10656,"href":"https:\/\/tallerescerda.com\/maquinaria-agricola\/wp-json\/wp\/v2\/product\/10654\/revisions\/10656"}],"wp:featuredmedia":[{"embeddable":true,"href":"https:\/\/tallerescerda.com\/maquinaria-agricola\/wp-json\/wp\/v2\/media\/10655"}],"wp:attachment":[{"href":"https:\/\/tallerescerda.com\/maquinaria-agricola\/wp-json\/wp\/v2\/media?parent=10654"}],"wp:term":[{"taxonomy":"product_cat","embeddable":true,"href":"https:\/\/tallerescerda.com\/maquinaria-agricola\/wp-json\/wp\/v2\/product_cat?post=10654"},{"taxonomy":"product_tag","embeddable":true,"href":"https:\/\/tallerescerda.com\/maquinaria-agricola\/wp-json\/wp\/v2\/product_tag?post=10654"}],"curies":[{"name":"wp","href":"https:\/\/api.w.org\/{rel}","templated":true}]}}