{"id":10657,"date":"2025-03-18T16:52:20","date_gmt":"2025-03-18T16:52:20","guid":{"rendered":"https:\/\/tallerescerda.com\/maquinaria-agricola\/?post_type=product&#038;p=10657"},"modified":"2025-07-01T00:01:39","modified_gmt":"2025-07-01T00:01:39","slug":"tractor-cortacesped-rt-6112-1-zl","status":"publish","type":"product","link":"https:\/\/tallerescerda.com\/maquinaria-agricola\/producto\/tractor-cortacesped-rt-6112-1-zl\/","title":{"rendered":"Tractor cortac\u00e9sped RT-6112.1 ZL"},"content":{"rendered":"<p>RT-6112.1 ZL<\/p>\n<ul>\n<li>Motor STIHL EVC 7000<\/li>\n<li>635 cent\u00edmetros c\u00fabicos de motor (2 cilindros)<\/li>\n<li>16,6 CV de potencia<\/li>\n<li>2.700 revoluciones por minuto<\/li>\n<li>1,2 Litros de dep\u00f3sito de aceite<\/li>\n<li>9 Litros de dep\u00f3sito de gasolina<\/li>\n<li>Arranque el\u00e9ctrico<\/li>\n<li>Accionamiento de cuchillas mediante embrague electromagn\u00e9tico<\/li>\n<li>2 cuchillas<\/li>\n<li>110 cent\u00edmetros de ancho de corte<\/li>\n<li>De 30 a 110 mm de altura de corte<\/li>\n<li>Funci\u00f3n : recoger<\/li>\n<li>350 Litros de capacidad de recogdia<\/li>\n<li>Velocidades hidrost\u00e1ticas<\/li>\n<li>268 kg de peso<\/li>\n<li>8.000 metros cuadrados de superficie de c\u00e9sped<\/li>\n<li>Reducido radio de giro<\/li>\n<li>Equipo de corte de r\u00e1pido desmontaje, sin herramientas<\/li>\n<li>Palanca para vaciado del recogedor muy accesible desde el asiento<\/li>\n<li>Indicador de nivel de llenado, ajustable en funci\u00f3n de altura del c\u00e9sped, humedad y densidad<\/li>\n<li>Display LCD con autodiagn\u00f3stico<\/li>\n<li>Control de velocidad<\/li>\n<\/ul>\n<p>&nbsp;<\/p>\n","protected":false},"excerpt":{"rendered":"<p>RT-6112.1 ZL Motor STIHL EVC 7000 635 cent\u00edmetros c\u00fabicos de motor (2 cilindros) 16,6 CV de potencia 2.700 revoluciones por<\/p>\n","protected":false},"featured_media":0,"template":"","meta":[],"product_cat":[172],"product_tag":[],"class_list":{"0":"post-10657","1":"product","2":"type-product","3":"status-publish","5":"product_cat-tractor-cortacesped-gasolina","7":"first","8":"onbackorder","9":"taxable","10":"shipping-taxable","11":"purchasable","12":"product-type-simple"},"yoast_head":"<!-- This site is optimized with the Yoast SEO plugin v22.7 - https:\/\/yoast.com\/wordpress\/plugins\/seo\/ -->\n<title>Tractor cortac\u00e9sped RT-6112.1 ZL - Taller Cerda<\/title>\n<meta name=\"robots\" content=\"index, follow, max-snippet:-1, max-image-preview:large, max-video-preview:-1\" \/>\n<link rel=\"canonical\" href=\"https:\/\/tallerescerda.com\/maquinaria-agricola\/producto\/tractor-cortacesped-rt-6112-1-zl\/\" \/>\n<meta property=\"og:locale\" content=\"es_ES\" \/>\n<meta property=\"og:type\" content=\"article\" \/>\n<meta property=\"og:title\" content=\"Tractor cortac\u00e9sped RT-6112.1 ZL - Taller Cerda\" \/>\n<meta property=\"og:description\" content=\"RT-6112.1 ZL Motor STIHL EVC 7000 635 cent\u00edmetros c\u00fabicos de motor (2 cilindros) 16,6 CV de potencia 2.700 revoluciones por\" \/>\n<meta property=\"og:url\" content=\"https:\/\/tallerescerda.com\/maquinaria-agricola\/producto\/tractor-cortacesped-rt-6112-1-zl\/\" \/>\n<meta property=\"og:site_name\" content=\"Taller Cerda\" \/>\n<meta property=\"article:modified_time\" content=\"2025-07-01T00:01:39+00:00\" \/>\n<meta name=\"twitter:card\" content=\"summary_large_image\" \/>\n<meta name=\"twitter:label1\" content=\"Tiempo de lectura\" \/>\n\t<meta name=\"twitter:data1\" content=\"1 minuto\" \/>\n<script type=\"application\/ld+json\" class=\"yoast-schema-graph\">{\"@context\":\"https:\/\/schema.org\",\"@graph\":[{\"@type\":\"WebPage\",\"@id\":\"https:\/\/tallerescerda.com\/maquinaria-agricola\/producto\/tractor-cortacesped-rt-6112-1-zl\/\",\"url\":\"https:\/\/tallerescerda.com\/maquinaria-agricola\/producto\/tractor-cortacesped-rt-6112-1-zl\/\",\"name\":\"Tractor cortac\u00e9sped RT-6112.1 ZL - Taller Cerda\",\"isPartOf\":{\"@id\":\"https:\/\/tallerescerda.com\/maquinaria-agricola\/#website\"},\"datePublished\":\"2025-03-18T16:52:20+00:00\",\"dateModified\":\"2025-07-01T00:01:39+00:00\",\"breadcrumb\":{\"@id\":\"https:\/\/tallerescerda.com\/maquinaria-agricola\/producto\/tractor-cortacesped-rt-6112-1-zl\/#breadcrumb\"},\"inLanguage\":\"es\",\"potentialAction\":[{\"@type\":\"ReadAction\",\"target\":[\"https:\/\/tallerescerda.com\/maquinaria-agricola\/producto\/tractor-cortacesped-rt-6112-1-zl\/\"]}]},{\"@type\":\"BreadcrumbList\",\"@id\":\"https:\/\/tallerescerda.com\/maquinaria-agricola\/producto\/tractor-cortacesped-rt-6112-1-zl\/#breadcrumb\",\"itemListElement\":[{\"@type\":\"ListItem\",\"position\":1,\"name\":\"Portada\",\"item\":\"https:\/\/tallerescerda.com\/maquinaria-agricola\/\"},{\"@type\":\"ListItem\",\"position\":2,\"name\":\"Tienda\",\"item\":\"https:\/\/tallerescerda.com\/maquinaria-agricola\/tienda\/\"},{\"@type\":\"ListItem\",\"position\":3,\"name\":\"Tractor cortac\u00e9sped RT-6112.1 ZL\"}]},{\"@type\":\"WebSite\",\"@id\":\"https:\/\/tallerescerda.com\/maquinaria-agricola\/#website\",\"url\":\"https:\/\/tallerescerda.com\/maquinaria-agricola\/\",\"name\":\"Taller Cerda\",\"description\":\"Maquinaria Agr\u00edcola\",\"potentialAction\":[{\"@type\":\"SearchAction\",\"target\":{\"@type\":\"EntryPoint\",\"urlTemplate\":\"https:\/\/tallerescerda.com\/maquinaria-agricola\/?s={search_term_string}\"},\"query-input\":\"required name=search_term_string\"}],\"inLanguage\":\"es\"}]}<\/script>\n<!-- \/ Yoast SEO plugin. -->","yoast_head_json":{"title":"Tractor cortac\u00e9sped RT-6112.1 ZL - Taller Cerda","robots":{"index":"index","follow":"follow","max-snippet":"max-snippet:-1","max-image-preview":"max-image-preview:large","max-video-preview":"max-video-preview:-1"},"canonical":"https:\/\/tallerescerda.com\/maquinaria-agricola\/producto\/tractor-cortacesped-rt-6112-1-zl\/","og_locale":"es_ES","og_type":"article","og_title":"Tractor cortac\u00e9sped RT-6112.1 ZL - Taller Cerda","og_description":"RT-6112.1 ZL Motor STIHL EVC 7000 635 cent\u00edmetros c\u00fabicos de motor (2 cilindros) 16,6 CV de potencia 2.700 revoluciones por","og_url":"https:\/\/tallerescerda.com\/maquinaria-agricola\/producto\/tractor-cortacesped-rt-6112-1-zl\/","og_site_name":"Taller Cerda","article_modified_time":"2025-07-01T00:01:39+00:00","twitter_card":"summary_large_image","twitter_misc":{"Tiempo de lectura":"1 minuto"},"schema":{"@context":"https:\/\/schema.org","@graph":[{"@type":"WebPage","@id":"https:\/\/tallerescerda.com\/maquinaria-agricola\/producto\/tractor-cortacesped-rt-6112-1-zl\/","url":"https:\/\/tallerescerda.com\/maquinaria-agricola\/producto\/tractor-cortacesped-rt-6112-1-zl\/","name":"Tractor cortac\u00e9sped RT-6112.1 ZL - Taller Cerda","isPartOf":{"@id":"https:\/\/tallerescerda.com\/maquinaria-agricola\/#website"},"datePublished":"2025-03-18T16:52:20+00:00","dateModified":"2025-07-01T00:01:39+00:00","breadcrumb":{"@id":"https:\/\/tallerescerda.com\/maquinaria-agricola\/producto\/tractor-cortacesped-rt-6112-1-zl\/#breadcrumb"},"inLanguage":"es","potentialAction":[{"@type":"ReadAction","target":["https:\/\/tallerescerda.com\/maquinaria-agricola\/producto\/tractor-cortacesped-rt-6112-1-zl\/"]}]},{"@type":"BreadcrumbList","@id":"https:\/\/tallerescerda.com\/maquinaria-agricola\/producto\/tractor-cortacesped-rt-6112-1-zl\/#breadcrumb","itemListElement":[{"@type":"ListItem","position":1,"name":"Portada","item":"https:\/\/tallerescerda.com\/maquinaria-agricola\/"},{"@type":"ListItem","position":2,"name":"Tienda","item":"https:\/\/tallerescerda.com\/maquinaria-agricola\/tienda\/"},{"@type":"ListItem","position":3,"name":"Tractor cortac\u00e9sped RT-6112.1 ZL"}]},{"@type":"WebSite","@id":"https:\/\/tallerescerda.com\/maquinaria-agricola\/#website","url":"https:\/\/tallerescerda.com\/maquinaria-agricola\/","name":"Taller Cerda","description":"Maquinaria Agr\u00edcola","potentialAction":[{"@type":"SearchAction","target":{"@type":"EntryPoint","urlTemplate":"https:\/\/tallerescerda.com\/maquinaria-agricola\/?s={search_term_string}"},"query-input":"required name=search_term_string"}],"inLanguage":"es"}]}},"_links":{"self":[{"href":"https:\/\/tallerescerda.com\/maquinaria-agricola\/wp-json\/wp\/v2\/product\/10657","targetHints":{"allow":["GET"]}}],"collection":[{"href":"https:\/\/tallerescerda.com\/maquinaria-agricola\/wp-json\/wp\/v2\/product"}],"about":[{"href":"https:\/\/tallerescerda.com\/maquinaria-agricola\/wp-json\/wp\/v2\/types\/product"}],"version-history":[{"count":1,"href":"https:\/\/tallerescerda.com\/maquinaria-agricola\/wp-json\/wp\/v2\/product\/10657\/revisions"}],"predecessor-version":[{"id":10659,"href":"https:\/\/tallerescerda.com\/maquinaria-agricola\/wp-json\/wp\/v2\/product\/10657\/revisions\/10659"}],"wp:attachment":[{"href":"https:\/\/tallerescerda.com\/maquinaria-agricola\/wp-json\/wp\/v2\/media?parent=10657"}],"wp:term":[{"taxonomy":"product_cat","embeddable":true,"href":"https:\/\/tallerescerda.com\/maquinaria-agricola\/wp-json\/wp\/v2\/product_cat?post=10657"},{"taxonomy":"product_tag","embeddable":true,"href":"https:\/\/tallerescerda.com\/maquinaria-agricola\/wp-json\/wp\/v2\/product_tag?post=10657"}],"curies":[{"name":"wp","href":"https:\/\/api.w.org\/{rel}","templated":true}]}}