{"id":10875,"date":"2025-04-01T16:16:34","date_gmt":"2025-04-01T16:16:34","guid":{"rendered":"https:\/\/tallerescerda.com\/maquinaria-agricola\/?post_type=product&#038;p=10875"},"modified":"2025-04-01T16:16:34","modified_gmt":"2025-04-01T16:16:34","slug":"biotrituradora-gh-370-1s","status":"publish","type":"product","link":"https:\/\/tallerescerda.com\/maquinaria-agricola\/producto\/biotrituradora-gh-370-1s\/","title":{"rendered":"Biotrituradora GH-370.1S"},"content":{"rendered":"<p>GH-370.1 S<\/p>\n<ul>\n<li>Funci\u00f3n : astillar<\/li>\n<li>Motor EVC 1000<\/li>\n<li>196 cent\u00edmetros c\u00fabicos de motor<\/li>\n<li>4,6 CV de potencia<\/li>\n<li>0,5 Litros de dep\u00f3sito del aceite<\/li>\n<li>Multi-Cut 370<\/li>\n<li>45 mm grosor m\u00e1ximo de ramas<\/li>\n<li>40 kg de peso<\/li>\n<li>Motor potente y con arranque f\u00e1cil<\/li>\n<li>Gran tolva reforzada con aluminio<\/li>\n<li>Cierre de seguridad electromec\u00e1nico<\/li>\n<\/ul>\n<p>&nbsp;<\/p>\n","protected":false},"excerpt":{"rendered":"<p>GH-370.1 S Funci\u00f3n : astillar Motor EVC 1000 196 cent\u00edmetros c\u00fabicos de motor 4,6 CV de potencia 0,5 Litros de<\/p>\n","protected":false},"featured_media":10876,"template":"","meta":[],"product_cat":[183],"product_tag":[],"class_list":{"0":"post-10875","1":"product","2":"type-product","3":"status-publish","4":"has-post-thumbnail","6":"product_cat-biotrituradoras-de-gasolina","8":"first","9":"onbackorder","10":"taxable","11":"shipping-taxable","12":"purchasable","13":"product-type-simple"},"yoast_head":"<!-- This site is optimized with the Yoast SEO plugin v22.7 - https:\/\/yoast.com\/wordpress\/plugins\/seo\/ -->\n<title>Biotrituradora GH-370.1S - Taller Cerda<\/title>\n<meta name=\"robots\" content=\"index, follow, max-snippet:-1, max-image-preview:large, max-video-preview:-1\" \/>\n<link rel=\"canonical\" href=\"https:\/\/tallerescerda.com\/maquinaria-agricola\/producto\/biotrituradora-gh-370-1s\/\" \/>\n<meta property=\"og:locale\" content=\"es_ES\" \/>\n<meta property=\"og:type\" content=\"article\" \/>\n<meta property=\"og:title\" content=\"Biotrituradora GH-370.1S - Taller Cerda\" \/>\n<meta property=\"og:description\" content=\"GH-370.1 S Funci\u00f3n : astillar Motor EVC 1000 196 cent\u00edmetros c\u00fabicos de motor 4,6 CV de potencia 0,5 Litros de\" \/>\n<meta property=\"og:url\" content=\"https:\/\/tallerescerda.com\/maquinaria-agricola\/producto\/biotrituradora-gh-370-1s\/\" \/>\n<meta property=\"og:site_name\" content=\"Taller Cerda\" \/>\n<meta property=\"og:image\" content=\"https:\/\/tallerescerda.com\/maquinaria-agricola\/wp-content\/uploads\/2025\/04\/GH-370.jpg\" \/>\n\t<meta property=\"og:image:width\" content=\"1065\" \/>\n\t<meta property=\"og:image:height\" content=\"1598\" \/>\n\t<meta property=\"og:image:type\" content=\"image\/jpeg\" \/>\n<meta name=\"twitter:card\" content=\"summary_large_image\" \/>\n<meta name=\"twitter:label1\" content=\"Tiempo de lectura\" \/>\n\t<meta name=\"twitter:data1\" content=\"1 minuto\" \/>\n<script type=\"application\/ld+json\" class=\"yoast-schema-graph\">{\"@context\":\"https:\/\/schema.org\",\"@graph\":[{\"@type\":\"WebPage\",\"@id\":\"https:\/\/tallerescerda.com\/maquinaria-agricola\/producto\/biotrituradora-gh-370-1s\/\",\"url\":\"https:\/\/tallerescerda.com\/maquinaria-agricola\/producto\/biotrituradora-gh-370-1s\/\",\"name\":\"Biotrituradora GH-370.1S - Taller Cerda\",\"isPartOf\":{\"@id\":\"https:\/\/tallerescerda.com\/maquinaria-agricola\/#website\"},\"primaryImageOfPage\":{\"@id\":\"https:\/\/tallerescerda.com\/maquinaria-agricola\/producto\/biotrituradora-gh-370-1s\/#primaryimage\"},\"image\":{\"@id\":\"https:\/\/tallerescerda.com\/maquinaria-agricola\/producto\/biotrituradora-gh-370-1s\/#primaryimage\"},\"thumbnailUrl\":\"https:\/\/tallerescerda.com\/maquinaria-agricola\/wp-content\/uploads\/2025\/04\/GH-370.jpg\",\"datePublished\":\"2025-04-01T16:16:34+00:00\",\"dateModified\":\"2025-04-01T16:16:34+00:00\",\"breadcrumb\":{\"@id\":\"https:\/\/tallerescerda.com\/maquinaria-agricola\/producto\/biotrituradora-gh-370-1s\/#breadcrumb\"},\"inLanguage\":\"es\",\"potentialAction\":[{\"@type\":\"ReadAction\",\"target\":[\"https:\/\/tallerescerda.com\/maquinaria-agricola\/producto\/biotrituradora-gh-370-1s\/\"]}]},{\"@type\":\"ImageObject\",\"inLanguage\":\"es\",\"@id\":\"https:\/\/tallerescerda.com\/maquinaria-agricola\/producto\/biotrituradora-gh-370-1s\/#primaryimage\",\"url\":\"https:\/\/tallerescerda.com\/maquinaria-agricola\/wp-content\/uploads\/2025\/04\/GH-370.jpg\",\"contentUrl\":\"https:\/\/tallerescerda.com\/maquinaria-agricola\/wp-content\/uploads\/2025\/04\/GH-370.jpg\",\"width\":1065,\"height\":1598},{\"@type\":\"BreadcrumbList\",\"@id\":\"https:\/\/tallerescerda.com\/maquinaria-agricola\/producto\/biotrituradora-gh-370-1s\/#breadcrumb\",\"itemListElement\":[{\"@type\":\"ListItem\",\"position\":1,\"name\":\"Portada\",\"item\":\"https:\/\/tallerescerda.com\/maquinaria-agricola\/\"},{\"@type\":\"ListItem\",\"position\":2,\"name\":\"Tienda\",\"item\":\"https:\/\/tallerescerda.com\/maquinaria-agricola\/tienda\/\"},{\"@type\":\"ListItem\",\"position\":3,\"name\":\"Biotrituradora GH-370.1S\"}]},{\"@type\":\"WebSite\",\"@id\":\"https:\/\/tallerescerda.com\/maquinaria-agricola\/#website\",\"url\":\"https:\/\/tallerescerda.com\/maquinaria-agricola\/\",\"name\":\"Taller Cerda\",\"description\":\"Maquinaria Agr\u00edcola\",\"potentialAction\":[{\"@type\":\"SearchAction\",\"target\":{\"@type\":\"EntryPoint\",\"urlTemplate\":\"https:\/\/tallerescerda.com\/maquinaria-agricola\/?s={search_term_string}\"},\"query-input\":\"required name=search_term_string\"}],\"inLanguage\":\"es\"}]}<\/script>\n<!-- \/ Yoast SEO plugin. -->","yoast_head_json":{"title":"Biotrituradora GH-370.1S - Taller Cerda","robots":{"index":"index","follow":"follow","max-snippet":"max-snippet:-1","max-image-preview":"max-image-preview:large","max-video-preview":"max-video-preview:-1"},"canonical":"https:\/\/tallerescerda.com\/maquinaria-agricola\/producto\/biotrituradora-gh-370-1s\/","og_locale":"es_ES","og_type":"article","og_title":"Biotrituradora GH-370.1S - Taller Cerda","og_description":"GH-370.1 S Funci\u00f3n : astillar Motor EVC 1000 196 cent\u00edmetros c\u00fabicos de motor 4,6 CV de potencia 0,5 Litros de","og_url":"https:\/\/tallerescerda.com\/maquinaria-agricola\/producto\/biotrituradora-gh-370-1s\/","og_site_name":"Taller Cerda","og_image":[{"width":1065,"height":1598,"url":"https:\/\/tallerescerda.com\/maquinaria-agricola\/wp-content\/uploads\/2025\/04\/GH-370.jpg","type":"image\/jpeg"}],"twitter_card":"summary_large_image","twitter_misc":{"Tiempo de lectura":"1 minuto"},"schema":{"@context":"https:\/\/schema.org","@graph":[{"@type":"WebPage","@id":"https:\/\/tallerescerda.com\/maquinaria-agricola\/producto\/biotrituradora-gh-370-1s\/","url":"https:\/\/tallerescerda.com\/maquinaria-agricola\/producto\/biotrituradora-gh-370-1s\/","name":"Biotrituradora GH-370.1S - Taller Cerda","isPartOf":{"@id":"https:\/\/tallerescerda.com\/maquinaria-agricola\/#website"},"primaryImageOfPage":{"@id":"https:\/\/tallerescerda.com\/maquinaria-agricola\/producto\/biotrituradora-gh-370-1s\/#primaryimage"},"image":{"@id":"https:\/\/tallerescerda.com\/maquinaria-agricola\/producto\/biotrituradora-gh-370-1s\/#primaryimage"},"thumbnailUrl":"https:\/\/tallerescerda.com\/maquinaria-agricola\/wp-content\/uploads\/2025\/04\/GH-370.jpg","datePublished":"2025-04-01T16:16:34+00:00","dateModified":"2025-04-01T16:16:34+00:00","breadcrumb":{"@id":"https:\/\/tallerescerda.com\/maquinaria-agricola\/producto\/biotrituradora-gh-370-1s\/#breadcrumb"},"inLanguage":"es","potentialAction":[{"@type":"ReadAction","target":["https:\/\/tallerescerda.com\/maquinaria-agricola\/producto\/biotrituradora-gh-370-1s\/"]}]},{"@type":"ImageObject","inLanguage":"es","@id":"https:\/\/tallerescerda.com\/maquinaria-agricola\/producto\/biotrituradora-gh-370-1s\/#primaryimage","url":"https:\/\/tallerescerda.com\/maquinaria-agricola\/wp-content\/uploads\/2025\/04\/GH-370.jpg","contentUrl":"https:\/\/tallerescerda.com\/maquinaria-agricola\/wp-content\/uploads\/2025\/04\/GH-370.jpg","width":1065,"height":1598},{"@type":"BreadcrumbList","@id":"https:\/\/tallerescerda.com\/maquinaria-agricola\/producto\/biotrituradora-gh-370-1s\/#breadcrumb","itemListElement":[{"@type":"ListItem","position":1,"name":"Portada","item":"https:\/\/tallerescerda.com\/maquinaria-agricola\/"},{"@type":"ListItem","position":2,"name":"Tienda","item":"https:\/\/tallerescerda.com\/maquinaria-agricola\/tienda\/"},{"@type":"ListItem","position":3,"name":"Biotrituradora GH-370.1S"}]},{"@type":"WebSite","@id":"https:\/\/tallerescerda.com\/maquinaria-agricola\/#website","url":"https:\/\/tallerescerda.com\/maquinaria-agricola\/","name":"Taller Cerda","description":"Maquinaria Agr\u00edcola","potentialAction":[{"@type":"SearchAction","target":{"@type":"EntryPoint","urlTemplate":"https:\/\/tallerescerda.com\/maquinaria-agricola\/?s={search_term_string}"},"query-input":"required name=search_term_string"}],"inLanguage":"es"}]}},"_links":{"self":[{"href":"https:\/\/tallerescerda.com\/maquinaria-agricola\/wp-json\/wp\/v2\/product\/10875","targetHints":{"allow":["GET"]}}],"collection":[{"href":"https:\/\/tallerescerda.com\/maquinaria-agricola\/wp-json\/wp\/v2\/product"}],"about":[{"href":"https:\/\/tallerescerda.com\/maquinaria-agricola\/wp-json\/wp\/v2\/types\/product"}],"version-history":[{"count":2,"href":"https:\/\/tallerescerda.com\/maquinaria-agricola\/wp-json\/wp\/v2\/product\/10875\/revisions"}],"predecessor-version":[{"id":10878,"href":"https:\/\/tallerescerda.com\/maquinaria-agricola\/wp-json\/wp\/v2\/product\/10875\/revisions\/10878"}],"wp:featuredmedia":[{"embeddable":true,"href":"https:\/\/tallerescerda.com\/maquinaria-agricola\/wp-json\/wp\/v2\/media\/10876"}],"wp:attachment":[{"href":"https:\/\/tallerescerda.com\/maquinaria-agricola\/wp-json\/wp\/v2\/media?parent=10875"}],"wp:term":[{"taxonomy":"product_cat","embeddable":true,"href":"https:\/\/tallerescerda.com\/maquinaria-agricola\/wp-json\/wp\/v2\/product_cat?post=10875"},{"taxonomy":"product_tag","embeddable":true,"href":"https:\/\/tallerescerda.com\/maquinaria-agricola\/wp-json\/wp\/v2\/product_tag?post=10875"}],"curies":[{"name":"wp","href":"https:\/\/api.w.org\/{rel}","templated":true}]}}