{"id":11056,"date":"2025-04-24T15:26:14","date_gmt":"2025-04-24T15:26:14","guid":{"rendered":"https:\/\/tallerescerda.com\/maquinaria-agricola\/?post_type=product&#038;p=11056"},"modified":"2025-04-24T15:26:14","modified_gmt":"2025-04-24T15:26:14","slug":"biotrituradora-con-oruga-bk1200n-r","status":"publish","type":"product","link":"https:\/\/tallerescerda.com\/maquinaria-agricola\/producto\/biotrituradora-con-oruga-bk1200n-r\/","title":{"rendered":"Biotrituradora con Oruga BK1200N-R"},"content":{"rendered":"<p>BK1200N-R<\/p>\n<ul>\n<li>Motor KPC LS420 (Euro 5)<\/li>\n<li>Arranque manual<\/li>\n<li>15 CV de potencia<\/li>\n<li>420 cent\u00edmetros c\u00fabicos de motor<\/li>\n<li>Di\u00e1metro m\u00e1ximo de triturado de 12 cent\u00edmetros<\/li>\n<li>Sistema de corte reversible<\/li>\n<li>360 kg de peso<\/li>\n<\/ul>\n<p>Ideal para terreno con pendientes. Al llevar orugas es much\u00edsimo m\u00e1s f\u00e1cil de mover.<\/p>\n<p>&nbsp;<\/p>\n<p>*DISPONIBILIDAD DE OTROS MODELOS DE BIOTRITURADORAS KPC*<\/p>\n","protected":false},"excerpt":{"rendered":"<p>BK1200N-R Motor KPC LS420 (Euro 5) Arranque manual 15 CV de potencia 420 cent\u00edmetros c\u00fabicos de motor Di\u00e1metro m\u00e1ximo de<\/p>\n","protected":false},"featured_media":11057,"template":"","meta":[],"product_cat":[196],"product_tag":[],"class_list":{"0":"post-11056","1":"product","2":"type-product","3":"status-publish","4":"has-post-thumbnail","6":"product_cat-biotrituradora-oruga-de-gasolina","8":"first","9":"onbackorder","10":"taxable","11":"shipping-taxable","12":"purchasable","13":"product-type-simple"},"yoast_head":"<!-- This site is optimized with the Yoast SEO plugin v22.7 - https:\/\/yoast.com\/wordpress\/plugins\/seo\/ -->\n<title>Biotrituradora con Oruga BK1200N-R - Taller Cerda<\/title>\n<meta name=\"robots\" content=\"index, follow, max-snippet:-1, max-image-preview:large, max-video-preview:-1\" \/>\n<link rel=\"canonical\" href=\"https:\/\/tallerescerda.com\/maquinaria-agricola\/producto\/biotrituradora-con-oruga-bk1200n-r\/\" \/>\n<meta property=\"og:locale\" content=\"es_ES\" \/>\n<meta property=\"og:type\" content=\"article\" \/>\n<meta property=\"og:title\" content=\"Biotrituradora con Oruga BK1200N-R - Taller Cerda\" \/>\n<meta property=\"og:description\" content=\"BK1200N-R Motor KPC LS420 (Euro 5) Arranque manual 15 CV de potencia 420 cent\u00edmetros c\u00fabicos de motor Di\u00e1metro m\u00e1ximo de\" \/>\n<meta property=\"og:url\" content=\"https:\/\/tallerescerda.com\/maquinaria-agricola\/producto\/biotrituradora-con-oruga-bk1200n-r\/\" \/>\n<meta property=\"og:site_name\" content=\"Taller Cerda\" \/>\n<meta property=\"og:image\" content=\"https:\/\/tallerescerda.com\/maquinaria-agricola\/wp-content\/uploads\/2025\/04\/biotrituradora-oruga-scaled.jpg\" \/>\n\t<meta property=\"og:image:width\" content=\"2316\" \/>\n\t<meta property=\"og:image:height\" content=\"2560\" \/>\n\t<meta property=\"og:image:type\" content=\"image\/jpeg\" \/>\n<meta name=\"twitter:card\" content=\"summary_large_image\" \/>\n<meta name=\"twitter:label1\" content=\"Tiempo de lectura\" \/>\n\t<meta name=\"twitter:data1\" content=\"1 minuto\" \/>\n<script type=\"application\/ld+json\" class=\"yoast-schema-graph\">{\"@context\":\"https:\/\/schema.org\",\"@graph\":[{\"@type\":\"WebPage\",\"@id\":\"https:\/\/tallerescerda.com\/maquinaria-agricola\/producto\/biotrituradora-con-oruga-bk1200n-r\/\",\"url\":\"https:\/\/tallerescerda.com\/maquinaria-agricola\/producto\/biotrituradora-con-oruga-bk1200n-r\/\",\"name\":\"Biotrituradora con Oruga BK1200N-R - Taller Cerda\",\"isPartOf\":{\"@id\":\"https:\/\/tallerescerda.com\/maquinaria-agricola\/#website\"},\"primaryImageOfPage\":{\"@id\":\"https:\/\/tallerescerda.com\/maquinaria-agricola\/producto\/biotrituradora-con-oruga-bk1200n-r\/#primaryimage\"},\"image\":{\"@id\":\"https:\/\/tallerescerda.com\/maquinaria-agricola\/producto\/biotrituradora-con-oruga-bk1200n-r\/#primaryimage\"},\"thumbnailUrl\":\"https:\/\/tallerescerda.com\/maquinaria-agricola\/wp-content\/uploads\/2025\/04\/biotrituradora-oruga-scaled.jpg\",\"datePublished\":\"2025-04-24T15:26:14+00:00\",\"dateModified\":\"2025-04-24T15:26:14+00:00\",\"breadcrumb\":{\"@id\":\"https:\/\/tallerescerda.com\/maquinaria-agricola\/producto\/biotrituradora-con-oruga-bk1200n-r\/#breadcrumb\"},\"inLanguage\":\"es\",\"potentialAction\":[{\"@type\":\"ReadAction\",\"target\":[\"https:\/\/tallerescerda.com\/maquinaria-agricola\/producto\/biotrituradora-con-oruga-bk1200n-r\/\"]}]},{\"@type\":\"ImageObject\",\"inLanguage\":\"es\",\"@id\":\"https:\/\/tallerescerda.com\/maquinaria-agricola\/producto\/biotrituradora-con-oruga-bk1200n-r\/#primaryimage\",\"url\":\"https:\/\/tallerescerda.com\/maquinaria-agricola\/wp-content\/uploads\/2025\/04\/biotrituradora-oruga-scaled.jpg\",\"contentUrl\":\"https:\/\/tallerescerda.com\/maquinaria-agricola\/wp-content\/uploads\/2025\/04\/biotrituradora-oruga-scaled.jpg\",\"width\":2316,\"height\":2560},{\"@type\":\"BreadcrumbList\",\"@id\":\"https:\/\/tallerescerda.com\/maquinaria-agricola\/producto\/biotrituradora-con-oruga-bk1200n-r\/#breadcrumb\",\"itemListElement\":[{\"@type\":\"ListItem\",\"position\":1,\"name\":\"Portada\",\"item\":\"https:\/\/tallerescerda.com\/maquinaria-agricola\/\"},{\"@type\":\"ListItem\",\"position\":2,\"name\":\"Tienda\",\"item\":\"https:\/\/tallerescerda.com\/maquinaria-agricola\/tienda\/\"},{\"@type\":\"ListItem\",\"position\":3,\"name\":\"Biotrituradora con Oruga BK1200N-R\"}]},{\"@type\":\"WebSite\",\"@id\":\"https:\/\/tallerescerda.com\/maquinaria-agricola\/#website\",\"url\":\"https:\/\/tallerescerda.com\/maquinaria-agricola\/\",\"name\":\"Taller Cerda\",\"description\":\"Maquinaria Agr\u00edcola\",\"potentialAction\":[{\"@type\":\"SearchAction\",\"target\":{\"@type\":\"EntryPoint\",\"urlTemplate\":\"https:\/\/tallerescerda.com\/maquinaria-agricola\/?s={search_term_string}\"},\"query-input\":\"required name=search_term_string\"}],\"inLanguage\":\"es\"}]}<\/script>\n<!-- \/ Yoast SEO plugin. -->","yoast_head_json":{"title":"Biotrituradora con Oruga BK1200N-R - Taller Cerda","robots":{"index":"index","follow":"follow","max-snippet":"max-snippet:-1","max-image-preview":"max-image-preview:large","max-video-preview":"max-video-preview:-1"},"canonical":"https:\/\/tallerescerda.com\/maquinaria-agricola\/producto\/biotrituradora-con-oruga-bk1200n-r\/","og_locale":"es_ES","og_type":"article","og_title":"Biotrituradora con Oruga BK1200N-R - Taller Cerda","og_description":"BK1200N-R Motor KPC LS420 (Euro 5) Arranque manual 15 CV de potencia 420 cent\u00edmetros c\u00fabicos de motor Di\u00e1metro m\u00e1ximo de","og_url":"https:\/\/tallerescerda.com\/maquinaria-agricola\/producto\/biotrituradora-con-oruga-bk1200n-r\/","og_site_name":"Taller Cerda","og_image":[{"width":2316,"height":2560,"url":"https:\/\/tallerescerda.com\/maquinaria-agricola\/wp-content\/uploads\/2025\/04\/biotrituradora-oruga-scaled.jpg","type":"image\/jpeg"}],"twitter_card":"summary_large_image","twitter_misc":{"Tiempo de lectura":"1 minuto"},"schema":{"@context":"https:\/\/schema.org","@graph":[{"@type":"WebPage","@id":"https:\/\/tallerescerda.com\/maquinaria-agricola\/producto\/biotrituradora-con-oruga-bk1200n-r\/","url":"https:\/\/tallerescerda.com\/maquinaria-agricola\/producto\/biotrituradora-con-oruga-bk1200n-r\/","name":"Biotrituradora con Oruga BK1200N-R - Taller Cerda","isPartOf":{"@id":"https:\/\/tallerescerda.com\/maquinaria-agricola\/#website"},"primaryImageOfPage":{"@id":"https:\/\/tallerescerda.com\/maquinaria-agricola\/producto\/biotrituradora-con-oruga-bk1200n-r\/#primaryimage"},"image":{"@id":"https:\/\/tallerescerda.com\/maquinaria-agricola\/producto\/biotrituradora-con-oruga-bk1200n-r\/#primaryimage"},"thumbnailUrl":"https:\/\/tallerescerda.com\/maquinaria-agricola\/wp-content\/uploads\/2025\/04\/biotrituradora-oruga-scaled.jpg","datePublished":"2025-04-24T15:26:14+00:00","dateModified":"2025-04-24T15:26:14+00:00","breadcrumb":{"@id":"https:\/\/tallerescerda.com\/maquinaria-agricola\/producto\/biotrituradora-con-oruga-bk1200n-r\/#breadcrumb"},"inLanguage":"es","potentialAction":[{"@type":"ReadAction","target":["https:\/\/tallerescerda.com\/maquinaria-agricola\/producto\/biotrituradora-con-oruga-bk1200n-r\/"]}]},{"@type":"ImageObject","inLanguage":"es","@id":"https:\/\/tallerescerda.com\/maquinaria-agricola\/producto\/biotrituradora-con-oruga-bk1200n-r\/#primaryimage","url":"https:\/\/tallerescerda.com\/maquinaria-agricola\/wp-content\/uploads\/2025\/04\/biotrituradora-oruga-scaled.jpg","contentUrl":"https:\/\/tallerescerda.com\/maquinaria-agricola\/wp-content\/uploads\/2025\/04\/biotrituradora-oruga-scaled.jpg","width":2316,"height":2560},{"@type":"BreadcrumbList","@id":"https:\/\/tallerescerda.com\/maquinaria-agricola\/producto\/biotrituradora-con-oruga-bk1200n-r\/#breadcrumb","itemListElement":[{"@type":"ListItem","position":1,"name":"Portada","item":"https:\/\/tallerescerda.com\/maquinaria-agricola\/"},{"@type":"ListItem","position":2,"name":"Tienda","item":"https:\/\/tallerescerda.com\/maquinaria-agricola\/tienda\/"},{"@type":"ListItem","position":3,"name":"Biotrituradora con Oruga BK1200N-R"}]},{"@type":"WebSite","@id":"https:\/\/tallerescerda.com\/maquinaria-agricola\/#website","url":"https:\/\/tallerescerda.com\/maquinaria-agricola\/","name":"Taller Cerda","description":"Maquinaria Agr\u00edcola","potentialAction":[{"@type":"SearchAction","target":{"@type":"EntryPoint","urlTemplate":"https:\/\/tallerescerda.com\/maquinaria-agricola\/?s={search_term_string}"},"query-input":"required name=search_term_string"}],"inLanguage":"es"}]}},"_links":{"self":[{"href":"https:\/\/tallerescerda.com\/maquinaria-agricola\/wp-json\/wp\/v2\/product\/11056","targetHints":{"allow":["GET"]}}],"collection":[{"href":"https:\/\/tallerescerda.com\/maquinaria-agricola\/wp-json\/wp\/v2\/product"}],"about":[{"href":"https:\/\/tallerescerda.com\/maquinaria-agricola\/wp-json\/wp\/v2\/types\/product"}],"version-history":[{"count":1,"href":"https:\/\/tallerescerda.com\/maquinaria-agricola\/wp-json\/wp\/v2\/product\/11056\/revisions"}],"predecessor-version":[{"id":11058,"href":"https:\/\/tallerescerda.com\/maquinaria-agricola\/wp-json\/wp\/v2\/product\/11056\/revisions\/11058"}],"wp:featuredmedia":[{"embeddable":true,"href":"https:\/\/tallerescerda.com\/maquinaria-agricola\/wp-json\/wp\/v2\/media\/11057"}],"wp:attachment":[{"href":"https:\/\/tallerescerda.com\/maquinaria-agricola\/wp-json\/wp\/v2\/media?parent=11056"}],"wp:term":[{"taxonomy":"product_cat","embeddable":true,"href":"https:\/\/tallerescerda.com\/maquinaria-agricola\/wp-json\/wp\/v2\/product_cat?post=11056"},{"taxonomy":"product_tag","embeddable":true,"href":"https:\/\/tallerescerda.com\/maquinaria-agricola\/wp-json\/wp\/v2\/product_tag?post=11056"}],"curies":[{"name":"wp","href":"https:\/\/api.w.org\/{rel}","templated":true}]}}