{"id":11082,"date":"2025-05-22T16:04:21","date_gmt":"2025-05-22T16:04:21","guid":{"rendered":"https:\/\/tallerescerda.com\/maquinaria-agricola\/?post_type=product&#038;p=11082"},"modified":"2025-05-22T16:04:22","modified_gmt":"2025-05-22T16:04:22","slug":"cortacesped-hidrostatico-md-15","status":"publish","type":"product","link":"https:\/\/tallerescerda.com\/maquinaria-agricola\/producto\/cortacesped-hidrostatico-md-15\/","title":{"rendered":"Cortac\u00e9sped hidrost\u00e1tico MD 15"},"content":{"rendered":"<p>MD 15<\/p>\n<ul>\n<li>452 cent\u00edmetros c\u00fabicos de motor<\/li>\n<li>Gasolina<\/li>\n<li>Ancho de corte de 83 cent\u00edmetros<\/li>\n<li>225 kg de peso<\/li>\n<li>Embrague electromagn\u00e9tico<\/li>\n<li>Ruedas de jard\u00edn<\/li>\n<li>Gancho de tiro<\/li>\n<\/ul>\n<p>&nbsp;<\/p>\n","protected":false},"excerpt":{"rendered":"<p>MD 15 452 cent\u00edmetros c\u00fabicos de motor Gasolina Ancho de corte de 83 cent\u00edmetros 225 kg de peso Embrague electromagn\u00e9tico<\/p>\n","protected":false},"featured_media":11083,"template":"","meta":[],"product_cat":[204],"product_tag":[],"class_list":{"0":"post-11082","1":"product","2":"type-product","3":"status-publish","4":"has-post-thumbnail","6":"product_cat-cortacesped-hidrostatico","8":"first","9":"onbackorder","10":"taxable","11":"shipping-taxable","12":"purchasable","13":"product-type-simple"},"yoast_head":"<!-- This site is optimized with the Yoast SEO plugin v22.7 - https:\/\/yoast.com\/wordpress\/plugins\/seo\/ -->\n<title>Cortac\u00e9sped hidrost\u00e1tico MD 15 - Taller Cerda<\/title>\n<meta name=\"robots\" content=\"index, follow, max-snippet:-1, max-image-preview:large, max-video-preview:-1\" \/>\n<link rel=\"canonical\" href=\"https:\/\/tallerescerda.com\/maquinaria-agricola\/producto\/cortacesped-hidrostatico-md-15\/\" \/>\n<meta property=\"og:locale\" content=\"es_ES\" \/>\n<meta property=\"og:type\" content=\"article\" \/>\n<meta property=\"og:title\" content=\"Cortac\u00e9sped hidrost\u00e1tico MD 15 - Taller Cerda\" \/>\n<meta property=\"og:description\" content=\"MD 15 452 cent\u00edmetros c\u00fabicos de motor Gasolina Ancho de corte de 83 cent\u00edmetros 225 kg de peso Embrague electromagn\u00e9tico\" \/>\n<meta property=\"og:url\" content=\"https:\/\/tallerescerda.com\/maquinaria-agricola\/producto\/cortacesped-hidrostatico-md-15\/\" \/>\n<meta property=\"og:site_name\" content=\"Taller Cerda\" \/>\n<meta property=\"article:modified_time\" content=\"2025-05-22T16:04:22+00:00\" \/>\n<meta property=\"og:image\" content=\"https:\/\/tallerescerda.com\/maquinaria-agricola\/wp-content\/uploads\/2025\/05\/MD-15.jpg\" \/>\n\t<meta property=\"og:image:width\" content=\"800\" \/>\n\t<meta property=\"og:image:height\" content=\"800\" \/>\n\t<meta property=\"og:image:type\" content=\"image\/jpeg\" \/>\n<meta name=\"twitter:card\" content=\"summary_large_image\" \/>\n<meta name=\"twitter:label1\" content=\"Tiempo de lectura\" \/>\n\t<meta name=\"twitter:data1\" content=\"1 minuto\" \/>\n<script type=\"application\/ld+json\" class=\"yoast-schema-graph\">{\"@context\":\"https:\/\/schema.org\",\"@graph\":[{\"@type\":\"WebPage\",\"@id\":\"https:\/\/tallerescerda.com\/maquinaria-agricola\/producto\/cortacesped-hidrostatico-md-15\/\",\"url\":\"https:\/\/tallerescerda.com\/maquinaria-agricola\/producto\/cortacesped-hidrostatico-md-15\/\",\"name\":\"Cortac\u00e9sped hidrost\u00e1tico MD 15 - Taller Cerda\",\"isPartOf\":{\"@id\":\"https:\/\/tallerescerda.com\/maquinaria-agricola\/#website\"},\"primaryImageOfPage\":{\"@id\":\"https:\/\/tallerescerda.com\/maquinaria-agricola\/producto\/cortacesped-hidrostatico-md-15\/#primaryimage\"},\"image\":{\"@id\":\"https:\/\/tallerescerda.com\/maquinaria-agricola\/producto\/cortacesped-hidrostatico-md-15\/#primaryimage\"},\"thumbnailUrl\":\"https:\/\/tallerescerda.com\/maquinaria-agricola\/wp-content\/uploads\/2025\/05\/MD-15.jpg\",\"datePublished\":\"2025-05-22T16:04:21+00:00\",\"dateModified\":\"2025-05-22T16:04:22+00:00\",\"breadcrumb\":{\"@id\":\"https:\/\/tallerescerda.com\/maquinaria-agricola\/producto\/cortacesped-hidrostatico-md-15\/#breadcrumb\"},\"inLanguage\":\"es\",\"potentialAction\":[{\"@type\":\"ReadAction\",\"target\":[\"https:\/\/tallerescerda.com\/maquinaria-agricola\/producto\/cortacesped-hidrostatico-md-15\/\"]}]},{\"@type\":\"ImageObject\",\"inLanguage\":\"es\",\"@id\":\"https:\/\/tallerescerda.com\/maquinaria-agricola\/producto\/cortacesped-hidrostatico-md-15\/#primaryimage\",\"url\":\"https:\/\/tallerescerda.com\/maquinaria-agricola\/wp-content\/uploads\/2025\/05\/MD-15.jpg\",\"contentUrl\":\"https:\/\/tallerescerda.com\/maquinaria-agricola\/wp-content\/uploads\/2025\/05\/MD-15.jpg\",\"width\":800,\"height\":800},{\"@type\":\"BreadcrumbList\",\"@id\":\"https:\/\/tallerescerda.com\/maquinaria-agricola\/producto\/cortacesped-hidrostatico-md-15\/#breadcrumb\",\"itemListElement\":[{\"@type\":\"ListItem\",\"position\":1,\"name\":\"Portada\",\"item\":\"https:\/\/tallerescerda.com\/maquinaria-agricola\/\"},{\"@type\":\"ListItem\",\"position\":2,\"name\":\"Tienda\",\"item\":\"https:\/\/tallerescerda.com\/maquinaria-agricola\/tienda\/\"},{\"@type\":\"ListItem\",\"position\":3,\"name\":\"Cortac\u00e9sped hidrost\u00e1tico MD 15\"}]},{\"@type\":\"WebSite\",\"@id\":\"https:\/\/tallerescerda.com\/maquinaria-agricola\/#website\",\"url\":\"https:\/\/tallerescerda.com\/maquinaria-agricola\/\",\"name\":\"Taller Cerda\",\"description\":\"Maquinaria Agr\u00edcola\",\"potentialAction\":[{\"@type\":\"SearchAction\",\"target\":{\"@type\":\"EntryPoint\",\"urlTemplate\":\"https:\/\/tallerescerda.com\/maquinaria-agricola\/?s={search_term_string}\"},\"query-input\":\"required name=search_term_string\"}],\"inLanguage\":\"es\"}]}<\/script>\n<!-- \/ Yoast SEO plugin. -->","yoast_head_json":{"title":"Cortac\u00e9sped hidrost\u00e1tico MD 15 - Taller Cerda","robots":{"index":"index","follow":"follow","max-snippet":"max-snippet:-1","max-image-preview":"max-image-preview:large","max-video-preview":"max-video-preview:-1"},"canonical":"https:\/\/tallerescerda.com\/maquinaria-agricola\/producto\/cortacesped-hidrostatico-md-15\/","og_locale":"es_ES","og_type":"article","og_title":"Cortac\u00e9sped hidrost\u00e1tico MD 15 - Taller Cerda","og_description":"MD 15 452 cent\u00edmetros c\u00fabicos de motor Gasolina Ancho de corte de 83 cent\u00edmetros 225 kg de peso Embrague electromagn\u00e9tico","og_url":"https:\/\/tallerescerda.com\/maquinaria-agricola\/producto\/cortacesped-hidrostatico-md-15\/","og_site_name":"Taller Cerda","article_modified_time":"2025-05-22T16:04:22+00:00","og_image":[{"width":800,"height":800,"url":"https:\/\/tallerescerda.com\/maquinaria-agricola\/wp-content\/uploads\/2025\/05\/MD-15.jpg","type":"image\/jpeg"}],"twitter_card":"summary_large_image","twitter_misc":{"Tiempo de lectura":"1 minuto"},"schema":{"@context":"https:\/\/schema.org","@graph":[{"@type":"WebPage","@id":"https:\/\/tallerescerda.com\/maquinaria-agricola\/producto\/cortacesped-hidrostatico-md-15\/","url":"https:\/\/tallerescerda.com\/maquinaria-agricola\/producto\/cortacesped-hidrostatico-md-15\/","name":"Cortac\u00e9sped hidrost\u00e1tico MD 15 - Taller Cerda","isPartOf":{"@id":"https:\/\/tallerescerda.com\/maquinaria-agricola\/#website"},"primaryImageOfPage":{"@id":"https:\/\/tallerescerda.com\/maquinaria-agricola\/producto\/cortacesped-hidrostatico-md-15\/#primaryimage"},"image":{"@id":"https:\/\/tallerescerda.com\/maquinaria-agricola\/producto\/cortacesped-hidrostatico-md-15\/#primaryimage"},"thumbnailUrl":"https:\/\/tallerescerda.com\/maquinaria-agricola\/wp-content\/uploads\/2025\/05\/MD-15.jpg","datePublished":"2025-05-22T16:04:21+00:00","dateModified":"2025-05-22T16:04:22+00:00","breadcrumb":{"@id":"https:\/\/tallerescerda.com\/maquinaria-agricola\/producto\/cortacesped-hidrostatico-md-15\/#breadcrumb"},"inLanguage":"es","potentialAction":[{"@type":"ReadAction","target":["https:\/\/tallerescerda.com\/maquinaria-agricola\/producto\/cortacesped-hidrostatico-md-15\/"]}]},{"@type":"ImageObject","inLanguage":"es","@id":"https:\/\/tallerescerda.com\/maquinaria-agricola\/producto\/cortacesped-hidrostatico-md-15\/#primaryimage","url":"https:\/\/tallerescerda.com\/maquinaria-agricola\/wp-content\/uploads\/2025\/05\/MD-15.jpg","contentUrl":"https:\/\/tallerescerda.com\/maquinaria-agricola\/wp-content\/uploads\/2025\/05\/MD-15.jpg","width":800,"height":800},{"@type":"BreadcrumbList","@id":"https:\/\/tallerescerda.com\/maquinaria-agricola\/producto\/cortacesped-hidrostatico-md-15\/#breadcrumb","itemListElement":[{"@type":"ListItem","position":1,"name":"Portada","item":"https:\/\/tallerescerda.com\/maquinaria-agricola\/"},{"@type":"ListItem","position":2,"name":"Tienda","item":"https:\/\/tallerescerda.com\/maquinaria-agricola\/tienda\/"},{"@type":"ListItem","position":3,"name":"Cortac\u00e9sped hidrost\u00e1tico MD 15"}]},{"@type":"WebSite","@id":"https:\/\/tallerescerda.com\/maquinaria-agricola\/#website","url":"https:\/\/tallerescerda.com\/maquinaria-agricola\/","name":"Taller Cerda","description":"Maquinaria Agr\u00edcola","potentialAction":[{"@type":"SearchAction","target":{"@type":"EntryPoint","urlTemplate":"https:\/\/tallerescerda.com\/maquinaria-agricola\/?s={search_term_string}"},"query-input":"required name=search_term_string"}],"inLanguage":"es"}]}},"_links":{"self":[{"href":"https:\/\/tallerescerda.com\/maquinaria-agricola\/wp-json\/wp\/v2\/product\/11082","targetHints":{"allow":["GET"]}}],"collection":[{"href":"https:\/\/tallerescerda.com\/maquinaria-agricola\/wp-json\/wp\/v2\/product"}],"about":[{"href":"https:\/\/tallerescerda.com\/maquinaria-agricola\/wp-json\/wp\/v2\/types\/product"}],"version-history":[{"count":1,"href":"https:\/\/tallerescerda.com\/maquinaria-agricola\/wp-json\/wp\/v2\/product\/11082\/revisions"}],"predecessor-version":[{"id":11084,"href":"https:\/\/tallerescerda.com\/maquinaria-agricola\/wp-json\/wp\/v2\/product\/11082\/revisions\/11084"}],"wp:featuredmedia":[{"embeddable":true,"href":"https:\/\/tallerescerda.com\/maquinaria-agricola\/wp-json\/wp\/v2\/media\/11083"}],"wp:attachment":[{"href":"https:\/\/tallerescerda.com\/maquinaria-agricola\/wp-json\/wp\/v2\/media?parent=11082"}],"wp:term":[{"taxonomy":"product_cat","embeddable":true,"href":"https:\/\/tallerescerda.com\/maquinaria-agricola\/wp-json\/wp\/v2\/product_cat?post=11082"},{"taxonomy":"product_tag","embeddable":true,"href":"https:\/\/tallerescerda.com\/maquinaria-agricola\/wp-json\/wp\/v2\/product_tag?post=11082"}],"curies":[{"name":"wp","href":"https:\/\/api.w.org\/{rel}","templated":true}]}}